{"id":1002,"date":"2021-12-25T12:42:21","date_gmt":"2021-12-25T12:42:21","guid":{"rendered":"https:\/\/kadence.pixel-show.com\/single-product\/?page_id=11"},"modified":"2024-07-31T13:54:54","modified_gmt":"2024-07-31T11:54:54","slug":"qui-som","status":"publish","type":"page","link":"https:\/\/scitoedicions.org\/es\/quienes-somos\/","title":{"rendered":"Qui\u00e9nes somos"},"content":{"rendered":"<style>.kb-row-layout-wrap.wp-block-kadence-rowlayout.kb-row-layout-id1002_903da9-1c{margin-top:var(--global-kb-spacing-xs, 1rem);}.kb-row-layout-id1002_903da9-1c > .kt-row-column-wrap{align-content:start;}:where(.kb-row-layout-id1002_903da9-1c > .kt-row-column-wrap) > .wp-block-kadence-column{justify-content:start;}.kb-row-layout-id1002_903da9-1c > .kt-row-column-wrap{column-gap:var(--global-kb-gap-md, 2rem);row-gap:var(--global-kb-gap-md, 2rem);max-width:var( --global-content-width, 1290px );padding-left:var(--global-content-edge-padding);padding-right:var(--global-content-edge-padding);padding-top:var(--global-kb-spacing-sm, 1.5rem);padding-bottom:var(--global-kb-spacing-sm, 1.5rem);grid-template-columns:minmax(0, 1fr) minmax(0, 2fr);}.kb-row-layout-id1002_903da9-1c > .kt-row-layout-overlay{opacity:0.30;}@media all and (max-width: 1024px){.kb-row-layout-id1002_903da9-1c > .kt-row-column-wrap{grid-template-columns:minmax(0, 1fr) minmax(0, 2fr);}}@media all and (max-width: 767px){.kb-row-layout-id1002_903da9-1c > .kt-row-column-wrap{grid-template-columns:minmax(0, 1fr);}.kb-row-layout-id1002_903da9-1c > .kt-row-column-wrap > .wp-block-kadence-column:nth-child(1){order:2;}.kb-row-layout-id1002_903da9-1c > .kt-row-column-wrap > .wp-block-kadence-column:nth-child(2){order:1;}.kb-row-layout-id1002_903da9-1c > .kt-row-column-wrap > .wp-block-kadence-column:nth-child(3){order:12;}.kb-row-layout-id1002_903da9-1c > .kt-row-column-wrap > .wp-block-kadence-column:nth-child(4){order:11;}.kb-row-layout-id1002_903da9-1c > .kt-row-column-wrap > .wp-block-kadence-column:nth-child(5){order:22;}.kb-row-layout-id1002_903da9-1c > .kt-row-column-wrap > .wp-block-kadence-column:nth-child(6){order:21;}.kb-row-layout-id1002_903da9-1c > .kt-row-column-wrap > .wp-block-kadence-column:nth-child(7){order:32;}.kb-row-layout-id1002_903da9-1c > .kt-row-column-wrap > .wp-block-kadence-column:nth-child(8){order:31;}}<\/style><div class=\"kb-row-layout-wrap kb-row-layout-id1002_903da9-1c alignnone wp-block-kadence-rowlayout\"><div class=\"kt-row-column-wrap kt-has-2-columns kt-row-layout-right-golden kt-tab-layout-inherit kt-mobile-layout-row kt-row-valign-top kb-theme-content-width\">\n<style>.kadence-column1002_54e68c-6f > .kt-inside-inner-col,.kadence-column1002_54e68c-6f > .kt-inside-inner-col:before{border-top-left-radius:0px;border-top-right-radius:0px;border-bottom-right-radius:0px;border-bottom-left-radius:0px;}.kadence-column1002_54e68c-6f > .kt-inside-inner-col{column-gap:var(--global-kb-gap-sm, 1rem);}.kadence-column1002_54e68c-6f > .kt-inside-inner-col{flex-direction:column;}.kadence-column1002_54e68c-6f > .kt-inside-inner-col > .aligncenter{width:100%;}.kadence-column1002_54e68c-6f > .kt-inside-inner-col:before{opacity:0.3;}.kadence-column1002_54e68c-6f{position:relative;}@media all and (max-width: 1024px){.kadence-column1002_54e68c-6f > .kt-inside-inner-col{flex-direction:column;}}@media all and (max-width: 767px){.kadence-column1002_54e68c-6f > .kt-inside-inner-col{flex-direction:column;}}<\/style>\n<div class=\"wp-block-kadence-column kadence-column1002_54e68c-6f\"><div class=\"kt-inside-inner-col\"><style>.wp-block-kadence-advancedheading.kt-adv-heading1002_4c6850-e7, .wp-block-kadence-advancedheading.kt-adv-heading1002_4c6850-e7[data-kb-block=\"kb-adv-heading1002_4c6850-e7\"]{padding-top:var(--global-kb-spacing-xs, 1rem);padding-right:var(--global-kb-spacing-xs, 1rem);padding-bottom:var(--global-kb-spacing-xs, 1rem);padding-left:var(--global-kb-spacing-xs, 1rem);margin-bottom:0px;text-align:center;font-style:normal;border-top-left-radius:5px;border-top-right-radius:5px;}.wp-block-kadence-advancedheading.kt-adv-heading1002_4c6850-e7 mark.kt-highlight, .wp-block-kadence-advancedheading.kt-adv-heading1002_4c6850-e7[data-kb-block=\"kb-adv-heading1002_4c6850-e7\"] mark.kt-highlight{font-style:normal;color:#f76a0c;-webkit-box-decoration-break:clone;box-decoration-break:clone;padding-top:0px;padding-right:0px;padding-bottom:0px;padding-left:0px;}<\/style>\n<h2 class=\"kt-adv-heading1002_4c6850-e7 wp-block-kadence-advancedheading has-theme-palette-9-color has-text-color has-theme-palette-1-background-color has-background\" data-kb-block=\"kb-adv-heading1002_4c6850-e7\">\u00bfQui\u00e9nes somos?<\/h2>\n\n<style>.kadence-column1002_d1c229-f5 > .kt-inside-inner-col{padding-top:var(--global-kb-spacing-xs, 1rem);padding-bottom:var(--global-kb-spacing-md, 2rem);}.kadence-column1002_d1c229-f5 > .kt-inside-inner-col{border-top:2px solid var(--global-palette1, #3182CE);border-right:2px solid var(--global-palette1, #3182CE);border-bottom:2px solid var(--global-palette1, #3182CE);border-left:2px solid var(--global-palette1, #3182CE);}.kadence-column1002_d1c229-f5 > .kt-inside-inner-col,.kadence-column1002_d1c229-f5 > .kt-inside-inner-col:before{border-top-left-radius:0px;border-top-right-radius:0px;border-bottom-right-radius:5px;border-bottom-left-radius:5px;}.kadence-column1002_d1c229-f5 > .kt-inside-inner-col{column-gap:var(--global-kb-gap-sm, 1rem);}.kadence-column1002_d1c229-f5 > .kt-inside-inner-col{flex-direction:column;}.kadence-column1002_d1c229-f5 > .kt-inside-inner-col > .aligncenter{width:100%;}.kadence-column1002_d1c229-f5 > .kt-inside-inner-col:before{opacity:0.3;}.kadence-column1002_d1c229-f5{position:relative;}.kadence-column1002_d1c229-f5, .kt-inside-inner-col > .kadence-column1002_d1c229-f5:not(.specificity){margin-top:0px;}@media all and (max-width: 1024px){.kadence-column1002_d1c229-f5 > .kt-inside-inner-col{border-top:2px solid var(--global-palette1, #3182CE);border-right:2px solid var(--global-palette1, #3182CE);border-bottom:2px solid var(--global-palette1, #3182CE);border-left:2px solid var(--global-palette1, #3182CE);flex-direction:column;}}@media all and (max-width: 767px){.kadence-column1002_d1c229-f5 > .kt-inside-inner-col{border-top:2px solid var(--global-palette1, #3182CE);border-right:2px solid var(--global-palette1, #3182CE);border-bottom:2px solid var(--global-palette1, #3182CE);border-left:2px solid var(--global-palette1, #3182CE);flex-direction:column;}}<\/style>\n<div class=\"wp-block-kadence-column kadence-column1002_d1c229-f5\"><div class=\"kt-inside-inner-col\"><style>.kb-image1002_080e1d-ad .kb-image-has-overlay:after{opacity:0.3;}<\/style>\n<div class=\"wp-block-kadence-image kb-image1002_080e1d-ad\"><figure class=\"aligncenter size-medium\"><img loading=\"lazy\" decoding=\"async\" width=\"300\" height=\"147\" src=\"https:\/\/scitoedicions.orgwp-content\/uploads\/2024\/05\/21-08-25-Logo-fundacio-300x147.png\" alt=\"\" class=\"kb-img wp-image-1144\" srcset=\"https:\/\/scitoedicions.org\/wp-content\/uploads\/2024\/05\/21-08-25-Logo-fundacio-300x147.png 300w, https:\/\/scitoedicions.org\/wp-content\/uploads\/2024\/05\/21-08-25-Logo-fundacio-600x295.png 600w, https:\/\/scitoedicions.org\/wp-content\/uploads\/2024\/05\/21-08-25-Logo-fundacio-1024x503.png 1024w, https:\/\/scitoedicions.org\/wp-content\/uploads\/2024\/05\/21-08-25-Logo-fundacio-768x377.png 768w, https:\/\/scitoedicions.org\/wp-content\/uploads\/2024\/05\/21-08-25-Logo-fundacio-1536x754.png 1536w, https:\/\/scitoedicions.org\/wp-content\/uploads\/2024\/05\/21-08-25-Logo-fundacio.png 1965w\" sizes=\"auto, (max-width: 300px) 100vw, 300px\" \/><\/figure><\/div>\n\n<style>.wp-block-kadence-advancedbtn.kb-btns1002_453476-d8{gap:var(--global-kb-gap-xs, 0.5rem );justify-content:center;align-items:center;}.kt-btns1002_453476-d8 .kt-button{font-weight:normal;font-style:normal;}.kt-btns1002_453476-d8 .kt-btn-wrap-0{margin-right:5px;}.wp-block-kadence-advancedbtn.kt-btns1002_453476-d8 .kt-btn-wrap-0 .kt-button{color:#555555;border-color:#555555;}.wp-block-kadence-advancedbtn.kt-btns1002_453476-d8 .kt-btn-wrap-0 .kt-button:hover, .wp-block-kadence-advancedbtn.kt-btns1002_453476-d8 .kt-btn-wrap-0 .kt-button:focus{color:#ffffff;border-color:#444444;}.wp-block-kadence-advancedbtn.kt-btns1002_453476-d8 .kt-btn-wrap-0 .kt-button::before{display:none;}.wp-block-kadence-advancedbtn.kt-btns1002_453476-d8 .kt-btn-wrap-0 .kt-button:hover, .wp-block-kadence-advancedbtn.kt-btns1002_453476-d8 .kt-btn-wrap-0 .kt-button:focus{background:#444444;}<\/style>\n<div class=\"wp-block-kadence-advancedbtn kb-buttons-wrap kb-btns1002_453476-d8\"><style>ul.menu .wp-block-kadence-advancedbtn .kb-btn1002_41c303-3b.kb-button{width:initial;}@media all and (max-width: 1024px){.kb-btn1002_41c303-3b.kb-button .kb-svg-icon-wrap{display:block;}}<\/style><a class=\"kb-button kt-button button kb-btn1002_41c303-3b kt-btn-size-standard kt-btn-width-type-auto kb-btn-global-outline kt-btn-has-text-true kt-btn-has-svg-false wp-block-kadence-singlebtn\" href=\"https:\/\/scito.org\/es\/home\/\"><span class=\"kt-btn-inner-text\">Conoce la fundaci\u00f3n<\/span><\/a><\/div><\/div><\/div><\/div><\/div>\n\n<style>.kadence-column1002_a861fb-9a > .kt-inside-inner-col,.kadence-column1002_a861fb-9a > .kt-inside-inner-col:before{border-top-left-radius:0px;border-top-right-radius:0px;border-bottom-right-radius:0px;border-bottom-left-radius:0px;}.kadence-column1002_a861fb-9a > .kt-inside-inner-col{column-gap:var(--global-kb-gap-sm, 1rem);}.kadence-column1002_a861fb-9a > .kt-inside-inner-col{flex-direction:column;}.kadence-column1002_a861fb-9a > .kt-inside-inner-col > .aligncenter{width:100%;}.kadence-column1002_a861fb-9a > .kt-inside-inner-col:before{opacity:0.3;}.kadence-column1002_a861fb-9a{position:relative;}@media all and (max-width: 1024px){.kadence-column1002_a861fb-9a > .kt-inside-inner-col{flex-direction:column;}}@media all and (max-width: 767px){.kadence-column1002_a861fb-9a > .kt-inside-inner-col{flex-direction:column;}}<\/style>\n<div class=\"wp-block-kadence-column kadence-column1002_a861fb-9a\"><div class=\"kt-inside-inner-col\"><style>.wp-block-kadence-advancedheading.kt-adv-heading1002_470f8e-e8, .wp-block-kadence-advancedheading.kt-adv-heading1002_470f8e-e8[data-kb-block=\"kb-adv-heading1002_470f8e-e8\"]{font-size:var(--global-kb-font-size-lg, 2rem);font-style:normal;}.wp-block-kadence-advancedheading.kt-adv-heading1002_470f8e-e8 mark.kt-highlight, .wp-block-kadence-advancedheading.kt-adv-heading1002_470f8e-e8[data-kb-block=\"kb-adv-heading1002_470f8e-e8\"] mark.kt-highlight{font-style:normal;color:#f76a0c;-webkit-box-decoration-break:clone;box-decoration-break:clone;padding-top:0px;padding-right:0px;padding-bottom:0px;padding-left:0px;}<\/style>\n<h2 class=\"kt-adv-heading1002_470f8e-e8 wp-block-kadence-advancedheading\" data-kb-block=\"kb-adv-heading1002_470f8e-e8\">Scito Edicions, la editorial de la <a href=\"https:\/\/scito.org\" target=\"_blank\" rel=\"noreferrer noopener\">Fundaci\u00f3 Scito<\/a><\/h2>\n\n<p>El soporte a la lengua, a la creatividad y al conocimiento, en todas sus versiones, define nuestro trabajo.<\/p>\n\n<p>Este proyecto forma parte de Fundaci\u00f3n Scito, organizaci\u00f3n privada sin \u00e1nimo de lucro, ubicada en Valencia. Nuestras publicaciones abarcan la narrativa, el ensayo y la poes\u00eda con la exigencia de la calidad en forma y contenido. Scito Edicions trabaja tambi\u00e9n en la divulgaci\u00f3n cultural y cient\u00edfica, por eso publicamos libros relacionados con la ciencia y las matem\u00e1ticas.<\/p>\n\n<style>.kb-image1002_020ea4-e6 .kb-image-has-overlay:after{opacity:0.3;}<\/style>\n<figure class=\"wp-block-kadence-image kb-image1002_020ea4-e6 size-large kb-image-is-ratio-size\"><div class=\"kb-is-ratio-image kb-image-ratio-land41\"><img loading=\"lazy\" decoding=\"async\" width=\"1024\" height=\"768\" src=\"https:\/\/scitoedicions.orgwp-content\/uploads\/2024\/05\/photo5891129030873297038-1024x768.jpg\" alt=\"\" class=\"kb-img wp-image-1036\" srcset=\"https:\/\/scitoedicions.org\/wp-content\/uploads\/2024\/05\/photo5891129030873297038-1024x768.jpg 1024w, https:\/\/scitoedicions.org\/wp-content\/uploads\/2024\/05\/photo5891129030873297038-300x225.jpg 300w, https:\/\/scitoedicions.org\/wp-content\/uploads\/2024\/05\/photo5891129030873297038-600x450.jpg 600w, https:\/\/scitoedicions.org\/wp-content\/uploads\/2024\/05\/photo5891129030873297038-768x576.jpg 768w, https:\/\/scitoedicions.org\/wp-content\/uploads\/2024\/05\/photo5891129030873297038.jpg 1280w\" sizes=\"auto, (max-width: 1024px) 100vw, 1024px\" \/><\/div><\/figure>\n\n<p>Scito Edicions pretende dar a conocer a autores y autoras noveles de gran calidad y potencial pero desconocidos hasta ahora en el panorama editorial de la literatura en lengua catalana. En Scito Edicions publicamos libros por vocaci\u00f3n. Queremos que el m\u00e1ximo de lectores posibles puedan llegar a las obras que editemos, y realizar con nuestro trabajo un nexo de uni\u00f3n y complicidad entre ellos y todos los agentes que participan en el proceso de creaci\u00f3n y difusi\u00f3n literaria.<\/p><\/div><\/div>\n<\/div><\/div><style>.kb-row-layout-id1002_f887bf-5f > .kt-row-column-wrap{align-content:start;}:where(.kb-row-layout-id1002_f887bf-5f > .kt-row-column-wrap) > .wp-block-kadence-column{justify-content:start;}.kb-row-layout-id1002_f887bf-5f > .kt-row-column-wrap{column-gap:var(--global-kb-gap-md, 2rem);row-gap:var(--global-kb-gap-md, 2rem);padding-top:var(--global-kb-spacing-lg, 3rem);padding-bottom:var(--global-kb-spacing-lg, 3rem);grid-template-columns:minmax(0, 1fr);}.kb-row-layout-id1002_f887bf-5f > .kt-row-layout-overlay{opacity:0.30;}@media all and (max-width: 1024px){.kb-row-layout-id1002_f887bf-5f > .kt-row-column-wrap{grid-template-columns:minmax(0, 1fr);}}@media all and (max-width: 767px){.kb-row-layout-id1002_f887bf-5f > .kt-row-column-wrap{grid-template-columns:minmax(0, 1fr);}}<\/style><div class=\"kb-row-layout-wrap kb-row-layout-id1002_f887bf-5f alignnone has-theme-palette7-background-color kt-row-has-bg wp-block-kadence-rowlayout\"><div class=\"kt-row-column-wrap kt-has-1-columns kt-row-layout-equal kt-tab-layout-inherit kt-mobile-layout-row kt-row-valign-top\">\n<style>.kadence-column1002_9dd9eb-bf > .kt-inside-inner-col,.kadence-column1002_9dd9eb-bf > .kt-inside-inner-col:before{border-top-left-radius:0px;border-top-right-radius:0px;border-bottom-right-radius:0px;border-bottom-left-radius:0px;}.kadence-column1002_9dd9eb-bf > .kt-inside-inner-col{column-gap:var(--global-kb-gap-sm, 1rem);}.kadence-column1002_9dd9eb-bf > .kt-inside-inner-col{flex-direction:column;}.kadence-column1002_9dd9eb-bf > .kt-inside-inner-col > .aligncenter{width:100%;}.kadence-column1002_9dd9eb-bf > .kt-inside-inner-col:before{opacity:0.3;}.kadence-column1002_9dd9eb-bf{position:relative;}@media all and (max-width: 1024px){.kadence-column1002_9dd9eb-bf > .kt-inside-inner-col{flex-direction:column;}}@media all and (max-width: 767px){.kadence-column1002_9dd9eb-bf > .kt-inside-inner-col{flex-direction:column;}}<\/style>\n<div class=\"wp-block-kadence-column kadence-column1002_9dd9eb-bf\"><div class=\"kt-inside-inner-col\"><style>.wp-block-kadence-advancedheading.kt-adv-heading1002_8f7495-aa, .wp-block-kadence-advancedheading.kt-adv-heading1002_8f7495-aa[data-kb-block=\"kb-adv-heading1002_8f7495-aa\"]{text-align:center;font-size:var(--global-kb-font-size-xxl, 4rem);font-style:normal;}.wp-block-kadence-advancedheading.kt-adv-heading1002_8f7495-aa mark.kt-highlight, .wp-block-kadence-advancedheading.kt-adv-heading1002_8f7495-aa[data-kb-block=\"kb-adv-heading1002_8f7495-aa\"] mark.kt-highlight{font-style:normal;color:#f76a0c;-webkit-box-decoration-break:clone;box-decoration-break:clone;padding-top:0px;padding-right:0px;padding-bottom:0px;padding-left:0px;}<\/style>\n<h2 class=\"kt-adv-heading1002_8f7495-aa wp-block-kadence-advancedheading\" data-kb-block=\"kb-adv-heading1002_8f7495-aa\">Descubre nuestras ediciones<\/h2>\n\n<style>.wp-block-kadence-advancedbtn.kb-btns1002_e93141-4f{gap:var(--global-kb-gap-xs, 0.5rem );justify-content:center;align-items:center;}.kt-btns1002_e93141-4f .kt-button{font-weight:normal;font-style:normal;}.kt-btns1002_e93141-4f .kt-btn-wrap-0{margin-right:5px;}.wp-block-kadence-advancedbtn.kt-btns1002_e93141-4f .kt-btn-wrap-0 .kt-button{color:#555555;border-color:#555555;}.wp-block-kadence-advancedbtn.kt-btns1002_e93141-4f .kt-btn-wrap-0 .kt-button:hover, .wp-block-kadence-advancedbtn.kt-btns1002_e93141-4f .kt-btn-wrap-0 .kt-button:focus{color:#ffffff;border-color:#444444;}.wp-block-kadence-advancedbtn.kt-btns1002_e93141-4f .kt-btn-wrap-0 .kt-button::before{display:none;}.wp-block-kadence-advancedbtn.kt-btns1002_e93141-4f .kt-btn-wrap-0 .kt-button:hover, .wp-block-kadence-advancedbtn.kt-btns1002_e93141-4f .kt-btn-wrap-0 .kt-button:focus{background:#444444;}<\/style>\n<div class=\"wp-block-kadence-advancedbtn kb-buttons-wrap kb-btns1002_e93141-4f\"><style>ul.menu .wp-block-kadence-advancedbtn .kb-btn1002_3a9303-3b.kb-button{width:initial;}@media all and (max-width: 1024px){.kb-btn1002_3a9303-3b.kb-button .kb-svg-icon-wrap{display:block;}}<\/style><span class=\"kb-button kt-button button kb-btn1002_3a9303-3b kt-btn-size-large kt-btn-width-type-auto kb-btn-global-fill kt-btn-has-text-true kt-btn-has-svg-false wp-block-kadence-singlebtn\"><span class=\"kt-btn-inner-text\">Ir al cat\u00e1logo<\/span><\/span><\/div><\/div><\/div>\n<\/div><\/div>","protected":false},"excerpt":{"rendered":"<p>Qui som? Scito Edicions, l\u2019editorial de la Fundaci\u00f3 Scito El suport a la llengua, a la creativitat i al coneixement, en totes les seues versions, defineix el nostre treball. Aquest projecte forma part de Fundaci\u00f3 Scito, organitzaci\u00f3 privada sense \u00e0nim de lucre, situada en Val\u00e8ncia. Les nostres publicacions abasten la narrativa, l\u2019assaig i la poesia&#8230;<\/p>","protected":false},"author":1,"featured_media":0,"parent":0,"menu_order":0,"comment_status":"closed","ping_status":"closed","template":"","meta":{"_kadence_starter_templates_imported_post":true,"_kad_post_transparent":"","_kad_post_title":"hide","_kad_post_layout":"fullwidth","_kad_post_sidebar_id":"","_kad_post_content_style":"unboxed","_kad_post_vertical_padding":"hide","_kad_post_feature":"hide","_kad_post_feature_position":"","_kad_post_header":false,"_kad_post_footer":false,"footnotes":""},"class_list":["post-1002","page","type-page","status-publish","hentry"],"_links":{"self":[{"href":"https:\/\/scitoedicions.org\/es\/wp-json\/wp\/v2\/pages\/1002","targetHints":{"allow":["GET"]}}],"collection":[{"href":"https:\/\/scitoedicions.org\/es\/wp-json\/wp\/v2\/pages"}],"about":[{"href":"https:\/\/scitoedicions.org\/es\/wp-json\/wp\/v2\/types\/page"}],"author":[{"embeddable":true,"href":"https:\/\/scitoedicions.org\/es\/wp-json\/wp\/v2\/users\/1"}],"replies":[{"embeddable":true,"href":"https:\/\/scitoedicions.org\/es\/wp-json\/wp\/v2\/comments?post=1002"}],"version-history":[{"count":30,"href":"https:\/\/scitoedicions.org\/es\/wp-json\/wp\/v2\/pages\/1002\/revisions"}],"predecessor-version":[{"id":1538,"href":"https:\/\/scitoedicions.org\/es\/wp-json\/wp\/v2\/pages\/1002\/revisions\/1538"}],"wp:attachment":[{"href":"https:\/\/scitoedicions.org\/es\/wp-json\/wp\/v2\/media?parent=1002"}],"curies":[{"name":"wp","href":"https:\/\/api.w.org\/{rel}","templated":true}]}}