{"id":1284,"date":"2024-06-06T12:42:18","date_gmt":"2024-06-06T10:42:18","guid":{"rendered":"https:\/\/scitoedicions.org?page_id=1284"},"modified":"2024-06-06T12:51:48","modified_gmt":"2024-06-06T10:51:48","slug":"galetes","status":"publish","type":"page","link":"https:\/\/scitoedicions.org\/es\/galetes\/","title":{"rendered":"Cookies"},"content":{"rendered":"<style>.wp-block-kadence-advancedheading.kt-adv-heading1284_8754cf-e7, .wp-block-kadence-advancedheading.kt-adv-heading1284_8754cf-e7[data-kb-block=\"kb-adv-heading1284_8754cf-e7\"]{text-align:center;font-style:normal;}.wp-block-kadence-advancedheading.kt-adv-heading1284_8754cf-e7 mark.kt-highlight, .wp-block-kadence-advancedheading.kt-adv-heading1284_8754cf-e7[data-kb-block=\"kb-adv-heading1284_8754cf-e7\"] mark.kt-highlight{font-style:normal;color:#f76a0c;-webkit-box-decoration-break:clone;box-decoration-break:clone;padding-top:0px;padding-right:0px;padding-bottom:0px;padding-left:0px;}<\/style>\n<h1 class=\"kt-adv-heading1284_8754cf-e7 wp-block-kadence-advancedheading\" data-kb-block=\"kb-adv-heading1284_8754cf-e7\">Cookies<\/h1><style>.wp-block-kadence-advancedheading.kt-adv-heading1284_88aad8-07, .wp-block-kadence-advancedheading.kt-adv-heading1284_88aad8-07[data-kb-block=\"kb-adv-heading1284_88aad8-07\"]{font-style:normal;}.wp-block-kadence-advancedheading.kt-adv-heading1284_88aad8-07 mark.kt-highlight, .wp-block-kadence-advancedheading.kt-adv-heading1284_88aad8-07[data-kb-block=\"kb-adv-heading1284_88aad8-07\"] mark.kt-highlight{font-style:normal;color:#f76a0c;-webkit-box-decoration-break:clone;box-decoration-break:clone;padding-top:0px;padding-right:0px;padding-bottom:0px;padding-left:0px;}<\/style>\n<h2 class=\"kt-adv-heading1284_88aad8-07 wp-block-kadence-advancedheading\" data-kb-block=\"kb-adv-heading1284_88aad8-07\"><strong>\u00bfQU\u00c9 ES UNA COOKIE?<\/strong><\/h2><p>Este sitio web utiliza cookies y\/o tecnolog\u00edas similares que almacenan y recuperan informaci\u00f3n cuando navegas. En general, estas tecnolog\u00edas pueden servir para finalidades muy diversas, como, por ejemplo, reconocerte como usuario, obtener informaci\u00f3n sobre tus h\u00e1bitos de navegaci\u00f3n o personalizas la forma en la que se muestra el contenido. Los usos concretos que hacemos de estas tecnolog\u00edas se describen a continuaci\u00f3n.<\/p><style>.wp-block-kadence-advancedheading.kt-adv-heading1284_2dedb6-8f, .wp-block-kadence-advancedheading.kt-adv-heading1284_2dedb6-8f[data-kb-block=\"kb-adv-heading1284_2dedb6-8f\"]{font-style:normal;}.wp-block-kadence-advancedheading.kt-adv-heading1284_2dedb6-8f mark.kt-highlight, .wp-block-kadence-advancedheading.kt-adv-heading1284_2dedb6-8f[data-kb-block=\"kb-adv-heading1284_2dedb6-8f\"] mark.kt-highlight{font-style:normal;color:#f76a0c;-webkit-box-decoration-break:clone;box-decoration-break:clone;padding-top:0px;padding-right:0px;padding-bottom:0px;padding-left:0px;}<\/style>\n<h2 class=\"kt-adv-heading1284_2dedb6-8f wp-block-kadence-advancedheading\" data-kb-block=\"kb-adv-heading1284_2dedb6-8f\"><strong>\u00bfQUI\u00c9N UTILIZA LA INFORMACI\u00d3N DE LAS COOKIES?<\/strong><\/h2><p>El tractador de la informaci\u00f3n seg\u00fan definido en la <a href=\"https:\/\/scitoedicions.orgpolitica-de-privadesa\/\" data-type=\"link\" data-id=\"https:\/\/scitoedicions.orgpolitica-de-privadesa\/\">Pol\u00edtica de Privacidad<\/a>.<\/p><style>.wp-block-kadence-advancedheading.kt-adv-heading1284_d0c9d5-6c, .wp-block-kadence-advancedheading.kt-adv-heading1284_d0c9d5-6c[data-kb-block=\"kb-adv-heading1284_d0c9d5-6c\"]{font-style:normal;}.wp-block-kadence-advancedheading.kt-adv-heading1284_d0c9d5-6c mark.kt-highlight, .wp-block-kadence-advancedheading.kt-adv-heading1284_d0c9d5-6c[data-kb-block=\"kb-adv-heading1284_d0c9d5-6c\"] mark.kt-highlight{font-style:normal;color:#f76a0c;-webkit-box-decoration-break:clone;box-decoration-break:clone;padding-top:0px;padding-right:0px;padding-bottom:0px;padding-left:0px;}<\/style>\n<h2 class=\"kt-adv-heading1284_d0c9d5-6c wp-block-kadence-advancedheading\" data-kb-block=\"kb-adv-heading1284_d0c9d5-6c\"><strong>\u00bfQU\u00c9 TIPOS DE COOKIES EXISTEN?<\/strong><\/h2><p>Las Cookies pueden clasificarse, en virtud de sus caracter\u00edsticas propias, dentro de diversas categor\u00edas.<\/p><p>1. Seg\u00fan la entidad que la gestione:<\/p><ul class=\"wp-block-list\"><li>Cookies propias: Son aquellas que se env\u00edan a tu ordenador y son gestionadas exclusivamente por nosotros para el mejor funcionamiento del Sitio Web.<\/li>\n\n<li>Cookies de terceros: Son aquellas que se env\u00edan a tu ordenador y no son gestionadas por nosotros sino por una tercera entidad.<\/li><\/ul><p>2. Seg\u00fan el plazo de tiempo que permanecen activadas:<\/p><ul class=\"wp-block-list\"><li>Cookies de sesi\u00f3n: Este tipo de cookies recaban y almacenan datos \u00fanicamente mientras el Usuario accede al Sitio Web.<\/li>\n\n<li>Cookies persistentes: Mediante este tipo de cookies los datos siguen almacenados y pueden ser accedidos y tratados durante el periodo definido por el responsable de la cookie, y puede ir de unos minutos a varios a\u00f1os.<\/li><\/ul><p>3. Seg\u00fan la finalidad:<\/p><ul class=\"wp-block-list\"><li>Cookies t\u00e9cnicas: Son aquellas que permiten al usuario la navegaci\u00f3n a trav\u00e9s del sitio web, plataforma o aplicaci\u00f3n y la utilizaci\u00f3n de las diferentes opciones o servicios que el mismo ofrece, como por ejemplo, controlar el tr\u00e1fico y la comunicaci\u00f3n de datos, identificar la sesi\u00f3n, acceder a partes de acceso restringido, recordar los elementos que integran un pedido, realizar el proceso de compra de un pedido, realizar la solicitud de inscripci\u00f3n o participaci\u00f3n en un evento, utilizar elementos de seguridad durante la navegaci\u00f3n, almacenar contenidos para la difusi\u00f3n de videos o sonido o compartir contenidos a trav\u00e9s de redes sociales.<\/li>\n\n<li>Cookies de personalizaci\u00f3n: Son aqu\u00e9llas que permiten al usuario accede al servicio con algunas caracter\u00edsticas de car\u00e1cter general predefinidas, como por ejemplo el idioma, la configuraci\u00f3n regional desde donde accede al servicio, etc.<\/li>\n\n<li>Cookies de an\u00e1lisis: Son aqu\u00e9llas que permiten al responsable de las mismas, el seguimiento y an\u00e1lisis del comportamiento de los usuarios de los sitios web a los que est\u00e1n vinculadas. La informaci\u00f3n recogida mediante este tipo de cookies se utiliza en la medici\u00f3n de la actividad de los sitios web, aplicaci\u00f3n o plataforma y para la elaboraci\u00f3n de perfiles de navegaci\u00f3n de los usuarios de dichos sitios, aplicaciones y plataformas, con el fin de introducir mejoras en funci\u00f3n del an\u00e1lisis de los datos de uso que hacen los usuarios del servicio.<\/li>\n\n<li>Cookies publicitarias: Son aqu\u00e9llas que permiten la gesti\u00f3n, de la forma m\u00e1s eficaz posible, de los espacios publicitarios que, en su caso, se haya incluido en el sitio web, aplicaci\u00f3n o plataforma desde la que presta el servicio solicitado en base a los criterios como el contenido editado o la frecuencia en la que se muestran los anuncios.<\/li>\n\n<li>Cookies de publicidad comportamental: Son aquellas que permiten la gesti\u00f3n, de la forma m\u00e1s eficaz posible, de los espacios publicitarios que, en su caso, el editor haya incluido en su p\u00e1gina web, aplicaci\u00f3n o plataforma desde la que presta el servicio solicitado. Estas cookies almacenan informaci\u00f3n del comportamiento de los usuarios obtenida a trav\u00e9s de la observaci\u00f3n continuada de sus h\u00e1bitos de navegaci\u00f3n, lo que permite desarrollar un perfil espec\u00edfico para mostrar publicidad en funci\u00f3n del mismo.<\/li><\/ul><style>.wp-block-kadence-advancedheading.kt-adv-heading1284_a74457-09, .wp-block-kadence-advancedheading.kt-adv-heading1284_a74457-09[data-kb-block=\"kb-adv-heading1284_a74457-09\"]{font-style:normal;}.wp-block-kadence-advancedheading.kt-adv-heading1284_a74457-09 mark.kt-highlight, .wp-block-kadence-advancedheading.kt-adv-heading1284_a74457-09[data-kb-block=\"kb-adv-heading1284_a74457-09\"] mark.kt-highlight{font-style:normal;color:#f76a0c;-webkit-box-decoration-break:clone;box-decoration-break:clone;padding-top:0px;padding-right:0px;padding-bottom:0px;padding-left:0px;}<\/style>\n<h2 class=\"kt-adv-heading1284_a74457-09 wp-block-kadence-advancedheading\" data-kb-block=\"kb-adv-heading1284_a74457-09\"><strong>\u00bfQU\u00c9 TIPOS DE COOKIES UTILIZA ESTE SITIO WEB?<\/strong><\/h2><style>.wp-block-kadence-advancedheading.kt-adv-heading1284_958f4f-c6, .wp-block-kadence-advancedheading.kt-adv-heading1284_958f4f-c6[data-kb-block=\"kb-adv-heading1284_958f4f-c6\"]{font-style:normal;}.wp-block-kadence-advancedheading.kt-adv-heading1284_958f4f-c6 mark.kt-highlight, .wp-block-kadence-advancedheading.kt-adv-heading1284_958f4f-c6[data-kb-block=\"kb-adv-heading1284_958f4f-c6\"] mark.kt-highlight{font-style:normal;color:#f76a0c;-webkit-box-decoration-break:clone;box-decoration-break:clone;padding-top:0px;padding-right:0px;padding-bottom:0px;padding-left:0px;}<\/style>\n<p class=\"kt-adv-heading1284_958f4f-c6 wp-block-kadence-advancedheading\" data-kb-block=\"kb-adv-heading1284_958f4f-c6\">A continuaci\u00f3n, se especifican las cookies en concreto empleadas en el presente Sitio Web:<\/p><p>Cookie: cookie_notice_accepted<br>Finalidad: Esta cookie recuerda si se ha aceptado el mensaje de aviso sobre cookies para dejar de mostrarlo durante el tiempo en que est\u00e9 activa.<br>Duraci\u00f3n: 15 d\u00edas<\/p><p>Cookie: wp-settings-1<br>Finalidad: Esta cookie se utiliza para personalizar el interfaz de usuario de WordPress.<br>Duraci\u00f3n: Permanente<\/p><p>Cookie: wp-settings-time-3<br>Finalidad: Esta cookie se utiliza para personalizar el interfaz de usuario de WordPress.<br>Duraci\u00f3n: Permanente<\/p><p>Cookie: redux_current_tab<br>Finalidad: Cookie esencial para el funcionamiento de la web.<br>Duraci\u00f3n: 7 d\u00edas.<\/p><p>Cookie: redux_current_tab_get<br>Finalidad: Cookie esencial para el funcionamiento de la web.<br>Duraci\u00f3n: 7 d\u00edas.<\/p><p>Cookie: wordpress_test_cookie<br>Finalidad: Esta cookie se usa para que el gestor de contenidos WordPress compruebe si el navegador tiene las cookies activadas.<br>Duraci\u00f3n: Sesi\u00f3n.<\/p><p>Esta lista puede ser actualizada conforme a las cookies empleadas en cada momento. Te aconsejamos que consulte nuestra Pol\u00edtica de Cookies de forma regular.<\/p><style>.wp-block-kadence-advancedheading.kt-adv-heading1284_b2948a-dc, .wp-block-kadence-advancedheading.kt-adv-heading1284_b2948a-dc[data-kb-block=\"kb-adv-heading1284_b2948a-dc\"]{font-style:normal;}.wp-block-kadence-advancedheading.kt-adv-heading1284_b2948a-dc mark.kt-highlight, .wp-block-kadence-advancedheading.kt-adv-heading1284_b2948a-dc[data-kb-block=\"kb-adv-heading1284_b2948a-dc\"] mark.kt-highlight{font-style:normal;color:#f76a0c;-webkit-box-decoration-break:clone;box-decoration-break:clone;padding-top:0px;padding-right:0px;padding-bottom:0px;padding-left:0px;}<\/style>\n<h2 class=\"kt-adv-heading1284_b2948a-dc wp-block-kadence-advancedheading\" data-kb-block=\"kb-adv-heading1284_b2948a-dc\"><strong>\u00bfSE REALIZAN TRANFERENCIAS DE DATOS A TERCEROS PA\u00cdSES?<\/strong><\/h2><p>Puedes informarte de las transferencias a terceros pa\u00edses que, en su caso, realizan los terceros identificados en esta pol\u00edtica de cookies en sus correspondientes pol\u00edticas (Ver los enlaces facilitados en la tabla anterior, en el apartado de cookies de terceros).<\/p><style>.wp-block-kadence-advancedheading.kt-adv-heading1284_ce4733-55, .wp-block-kadence-advancedheading.kt-adv-heading1284_ce4733-55[data-kb-block=\"kb-adv-heading1284_ce4733-55\"]{font-style:normal;}.wp-block-kadence-advancedheading.kt-adv-heading1284_ce4733-55 mark.kt-highlight, .wp-block-kadence-advancedheading.kt-adv-heading1284_ce4733-55[data-kb-block=\"kb-adv-heading1284_ce4733-55\"] mark.kt-highlight{font-style:normal;color:#f76a0c;-webkit-box-decoration-break:clone;box-decoration-break:clone;padding-top:0px;padding-right:0px;padding-bottom:0px;padding-left:0px;}<\/style>\n<h2 class=\"kt-adv-heading1284_ce4733-55 wp-block-kadence-advancedheading\" data-kb-block=\"kb-adv-heading1284_ce4733-55\"><strong>\u00bfC\u00d3MO DESHABILITAR Y BLOQUAR COOKIES?<\/strong><\/h2><p>Te informamos que, en cualquier caso, puedes deshabilitar o bloquear las cookies activando la configuraci\u00f3n de tu navegador, permiti\u00e9ndote rechazar la instalaci\u00f3n de todas o algunas de las cookies. En caso de no permitir la instalaci\u00f3n de cookies es posible que no puedas acceder a algunas de las funcionalidades del presente sitio web, y por tanto, tu experiencia como usuario en el sitio web resulte menos satisfactoria.<\/p><p>Puedes permitir, bloquear o eliminar las cookies instaladas en tu equipo mediante la configuraci\u00f3n de las opciones del navegador instalado en tu ordenador. Para m\u00e1s informaci\u00f3n sobre c\u00f3mo ajustar sus configuraciones de cookies en los siguientes navegadores, te remitimos al enlace pertinente:<\/p><p>Internet Explorer<br>https:\/\/support.microsoft.com\/es-es\/help\/17442\/windows-internet-explorer-delete-manage-cookies<\/p><p>Firefox<br>https:\/\/support.mozilla.org\/es\/kb\/habilitar-y-deshabilitar-cookies-sitios-web-rastrear-preferencias?redirectlocale=es&amp;redirectslug=habilitar-y-deshabilitar-cookies-que-los-sitios-we<\/p><p>Chrome<br>https:\/\/support.google.com\/chrome\/answer\/95647?hl=es<\/p><p>Safari<br>https:\/\/support.apple.com\/es-es\/guide\/safari\/sfri11471\/mac<\/p><p>Opera<br>https:\/\/help.opera.com\/en\/latest\/web-preferences\/#cookies<\/p><style>.wp-block-kadence-advancedheading.kt-adv-heading1284_74e7c5-bd, .wp-block-kadence-advancedheading.kt-adv-heading1284_74e7c5-bd[data-kb-block=\"kb-adv-heading1284_74e7c5-bd\"]{font-style:normal;}.wp-block-kadence-advancedheading.kt-adv-heading1284_74e7c5-bd mark.kt-highlight, .wp-block-kadence-advancedheading.kt-adv-heading1284_74e7c5-bd[data-kb-block=\"kb-adv-heading1284_74e7c5-bd\"] mark.kt-highlight{font-style:normal;color:#f76a0c;-webkit-box-decoration-break:clone;box-decoration-break:clone;padding-top:0px;padding-right:0px;padding-bottom:0px;padding-left:0px;}<\/style>\n<h2 class=\"kt-adv-heading1284_74e7c5-bd wp-block-kadence-advancedheading\" data-kb-block=\"kb-adv-heading1284_74e7c5-bd\"><strong>\u00bfQU\u00c9 DERECHOS TIENES SOBRE LOS DATOS PERSONALES APORTADOS?<\/strong><\/h2><p>Como usuario, puedes ejercitar los siguientes derechos:<\/p><p>\u2013 Derecho de acceso: Tienes derecho a obtener por parte de la empresa confirmaci\u00f3n de si se est\u00e1n tratando o no tus datos personales que, y en su caso, qu\u00e9 datos trata.<\/p><p>\u2013 Derecho de rectificaci\u00f3n: Tienes derecho a obtener por parte de la empresa, la rectificaci\u00f3n de los datos personales inexactos que te conciernen. En la solicitud de rectificaci\u00f3n deber\u00e1s indicar los datos que deseas que se modifiquen.<\/p><p>\u2013 Derecho de oposici\u00f3n: Tienes derecho a oponerte en cualquier momento, por motivos relacionados con tu situaci\u00f3n particular, a que datos personales que te conciernan sean objeto de un tratamiento basado en el inter\u00e9s leg\u00edtimo de la empresa. En ese caso, la empresa dejar\u00e1 de tratar los datos personales, salvo que acreditemos motivos leg\u00edtimos imperiosos para el tratamiento que prevalezcan sobre tus intereses, derechos y libertades, o para la formulaci\u00f3n, el ejercicio o la defensa de reclamaciones.<\/p><p>\u2013 Derecho de supresi\u00f3n: Tienes derecho a obtener por parte de la empresa, la supresi\u00f3n de los datos personales que te conciernan.<\/p><p>\u2013 Derecho a la portabilidad de los datos: Tienes derecho a que la empresa transfiera tus datos personales a otro responsable del tratamiento. Solo es posible ejercer este derecho cuando el tratamiento est\u00e9 basado en la ejecuci\u00f3n de un contrato o en tu consentimiento y el tratamiento se realice por medios automatizados.<\/p><p>\u2013 Derecho a la limitaci\u00f3n del tratamiento: Tienes derecho a solicitarnos que suspendamos el tratamiento de tus datos cuando: impugnes la exactitud de los datos, mientras la empresa verifica dicha exactitud; hayas ejercido el derecho de oposici\u00f3n al tratamiento de tus datos, mientras que se verifica si los motivos leg\u00edtimos de la empresa prevalecen sobre los tuyos como interesado.<\/p><p>\u2013 Derecho a no ser objeto de decisiones individuales automatizadas, incluida la elaboraci\u00f3n de perfiles: Tienes derecho a no ser objeto de una decisi\u00f3n basada \u00fanicamente en el tratamiento automatizado, incluida la elaboraci\u00f3n de perfiles, que produzca efectos jur\u00eddicos o te afecte significativamente de modo similar.<\/p><p>En cualquier momento, podr\u00e1s ejercitar estos Derechos, mediante un escrito y acreditando Tu personalidad dirigido al responsable del tratamiento, a la direcci\u00f3n que aparece m\u00e1s arriba.<\/p><p>Adem\u00e1s, podr\u00e1s presentar una reclamaci\u00f3n ante la autoridad de control, en este caso, la Agencia Espa\u00f1ola de Protecci\u00f3n de Datos, si consideras que el tratamiento de datos personales infringe la legislaci\u00f3n aplicable.<\/p><div style=\"height:100px\" aria-hidden=\"true\" class=\"wp-block-spacer\"><\/div>","protected":false},"excerpt":{"rendered":"<p>Galetes \u00bfQU\u00c9 ES UNA COOKIE? Este sitio web utiliza cookies y\/o tecnolog\u00edas similares que almacenan y recuperan informaci\u00f3n cuando navegas. En general, estas tecnolog\u00edas pueden servir para finalidades muy diversas, como, por ejemplo, reconocerte como usuario, obtener informaci\u00f3n sobre tus h\u00e1bitos de navegaci\u00f3n o personalizas la forma en la que se muestra el contenido. Los&#8230;<\/p>","protected":false},"author":1,"featured_media":0,"parent":0,"menu_order":0,"comment_status":"closed","ping_status":"closed","template":"","meta":{"_kadence_starter_templates_imported_post":false,"_kad_post_transparent":"","_kad_post_title":"","_kad_post_layout":"normal","_kad_post_sidebar_id":"","_kad_post_content_style":"unboxed","_kad_post_vertical_padding":"","_kad_post_feature":"","_kad_post_feature_position":"","_kad_post_header":false,"_kad_post_footer":false,"footnotes":""},"class_list":["post-1284","page","type-page","status-publish","hentry"],"_links":{"self":[{"href":"https:\/\/scitoedicions.org\/es\/wp-json\/wp\/v2\/pages\/1284","targetHints":{"allow":["GET"]}}],"collection":[{"href":"https:\/\/scitoedicions.org\/es\/wp-json\/wp\/v2\/pages"}],"about":[{"href":"https:\/\/scitoedicions.org\/es\/wp-json\/wp\/v2\/types\/page"}],"author":[{"embeddable":true,"href":"https:\/\/scitoedicions.org\/es\/wp-json\/wp\/v2\/users\/1"}],"replies":[{"embeddable":true,"href":"https:\/\/scitoedicions.org\/es\/wp-json\/wp\/v2\/comments?post=1284"}],"version-history":[{"count":8,"href":"https:\/\/scitoedicions.org\/es\/wp-json\/wp\/v2\/pages\/1284\/revisions"}],"predecessor-version":[{"id":1292,"href":"https:\/\/scitoedicions.org\/es\/wp-json\/wp\/v2\/pages\/1284\/revisions\/1292"}],"wp:attachment":[{"href":"https:\/\/scitoedicions.org\/es\/wp-json\/wp\/v2\/media?parent=1284"}],"curies":[{"name":"wp","href":"https:\/\/api.w.org\/{rel}","templated":true}]}}