{"id":1297,"date":"2024-06-06T13:16:31","date_gmt":"2024-06-06T11:16:31","guid":{"rendered":"https:\/\/scitoedicions.org?page_id=1297"},"modified":"2024-10-30T14:18:19","modified_gmt":"2024-10-30T12:18:19","slug":"aviso-legal","status":"publish","type":"page","link":"https:\/\/scitoedicions.org\/es\/aviso-legal\/","title":{"rendered":"Aviso Legal"},"content":{"rendered":"<style>.wp-block-kadence-advancedheading.kt-adv-heading1297_c9df8f-39, .wp-block-kadence-advancedheading.kt-adv-heading1297_c9df8f-39[data-kb-block=\"kb-adv-heading1297_c9df8f-39\"]{text-align:center;font-style:normal;}.wp-block-kadence-advancedheading.kt-adv-heading1297_c9df8f-39 mark.kt-highlight, .wp-block-kadence-advancedheading.kt-adv-heading1297_c9df8f-39[data-kb-block=\"kb-adv-heading1297_c9df8f-39\"] mark.kt-highlight{font-style:normal;color:#f76a0c;-webkit-box-decoration-break:clone;box-decoration-break:clone;padding-top:0px;padding-right:0px;padding-bottom:0px;padding-left:0px;}<\/style>\n<h1 class=\"kt-adv-heading1297_c9df8f-39 wp-block-kadence-advancedheading\" data-kb-block=\"kb-adv-heading1297_c9df8f-39\"><strong>AVISO LEGAL<\/strong><\/h1><p>En cumplimiento de la Ley 34\/2002, de 11 de julio, de Servicios de la Sociedad de la Informaci\u00f3n y de Comercio Electr\u00f3nico (LSSI-CE), la empresa le informa que es titular del sitio web. De acuerdo con la exigencia del art\u00edculo 10 de la citada Ley, informa de los siguientes datos:<\/p><p>El titular de este sitio web es:<\/p><p>Nombre: <strong>FUNDACI\u00d3 DE LA COMUNITAT VALENCIANA SCITO<\/strong><br>NIF: <strong>G98214604<\/strong><br>Direcci\u00f3n:<br><strong>Carrer Poeta Mas y Ros, 130, 1BJ.DCH.<\/strong><br><strong>46022, Val\u00e8ncia (Val\u00e8ncia)<\/strong><br><strong>Espa\u00f1a<\/strong><\/p><p>De ahora en adelante <strong>la fundaci\u00f3n<\/strong>.<\/p><style>.wp-block-kadence-advancedheading.kt-adv-heading1297_0a40a6-ae, .wp-block-kadence-advancedheading.kt-adv-heading1297_0a40a6-ae[data-kb-block=\"kb-adv-heading1297_0a40a6-ae\"]{font-style:normal;}.wp-block-kadence-advancedheading.kt-adv-heading1297_0a40a6-ae mark.kt-highlight, .wp-block-kadence-advancedheading.kt-adv-heading1297_0a40a6-ae[data-kb-block=\"kb-adv-heading1297_0a40a6-ae\"] mark.kt-highlight{font-style:normal;color:#f76a0c;-webkit-box-decoration-break:clone;box-decoration-break:clone;padding-top:0px;padding-right:0px;padding-bottom:0px;padding-left:0px;}<\/style>\n<h2 class=\"kt-adv-heading1297_0a40a6-ae wp-block-kadence-advancedheading\" data-kb-block=\"kb-adv-heading1297_0a40a6-ae\"><strong>USUARIOS<\/strong><\/h2><p>El acceso y\/o uso de este portal le atribuye la condici\u00f3n de USUARIO, que acepta, desde dicho acceso y\/o uso, las Condiciones Generales de Uso aqu\u00ed reflejadas. Las citadas Condiciones ser\u00e1n de aplicaci\u00f3n independientemente de las Condiciones Generales de Contrataci\u00f3n que en su caso resulten de obligado cumplimiento.<\/p><style>.wp-block-kadence-advancedheading.kt-adv-heading1297_88e3c5-0c, .wp-block-kadence-advancedheading.kt-adv-heading1297_88e3c5-0c[data-kb-block=\"kb-adv-heading1297_88e3c5-0c\"]{font-style:normal;}.wp-block-kadence-advancedheading.kt-adv-heading1297_88e3c5-0c mark.kt-highlight, .wp-block-kadence-advancedheading.kt-adv-heading1297_88e3c5-0c[data-kb-block=\"kb-adv-heading1297_88e3c5-0c\"] mark.kt-highlight{font-style:normal;color:#f76a0c;-webkit-box-decoration-break:clone;box-decoration-break:clone;padding-top:0px;padding-right:0px;padding-bottom:0px;padding-left:0px;}<\/style>\n<h2 class=\"kt-adv-heading1297_88e3c5-0c wp-block-kadence-advancedheading\" data-kb-block=\"kb-adv-heading1297_88e3c5-0c\"><strong>USO DEL PORTAL<\/strong><\/h2><p>La p\u00e1gina web proporciona el acceso a multitud de informaciones, servicios, programas o datos (en adelante, \u201clos contenidos\u201d) en Internet pertenecientes a <strong>la fundaci\u00f3n<\/strong> o a sus licenciantes a los que el USUARIO pueda tener acceso. El USUARIO asume la responsabilidad del uso del portal. Dicha responsabilidad se extiende al registro que fuese necesario para acceder a determinados servicios o contenidos.<\/p><p>En dicho registro el USUARIO ser\u00e1 responsable de aportar informaci\u00f3n veraz y l\u00edcita. Como consecuencia de este registro, al USUARIO se le puede proporcionar una contrase\u00f1a de la que ser\u00e1 responsable, comprometi\u00e9ndose a hacer un uso diligente y confidencial de la misma. El USUARIO se compromete a hacer un uso adecuado de los contenidos y servicios que <strong>la fundaci\u00f3n<\/strong> ofrece a trav\u00e9s de su portal y con car\u00e1cter enunciativo, pero no limitativo, a no emplearlos para:<\/p><p>incurrir en actividades il\u00edcitas, ilegales o contrarias a la buena fe y al orden p\u00fablico<br>difundir contenidos o propaganda de car\u00e1cter racista, xen\u00f3fobo, pornogr\u00e1fico-ilegal, de apolog\u00eda del terrorismo o atentatorio contra los derechos humanos<br>provocar da\u00f1os en los sistemas f\u00edsicos y l\u00f3gicos de <strong>la fundaci\u00f3n<\/strong>, de sus proveedores o de terceras personas, introducir o difundir en la red virus inform\u00e1ticos o cualesquiera otros sistemas f\u00edsicos o l\u00f3gicos que sean susceptibles de provocar los da\u00f1os anteriormente mencionados;<br>intentar acceder y, en su caso, utilizar las cuentas de correo electr\u00f3nico de otros usuarios y modificar manipular sus mensajes. <strong>la fundaci\u00f3n<\/strong> se reserva el derecho de retirar todos aquellos comentarios y aportaciones que vulneren el respeto a la dignidad de la persona, que sean discriminatorios, xen\u00f3fobos, racistas, pornogr\u00e1ficos, que atenten contra la juventud o la infancia, el orden o la seguridad p\u00fablica o que, a su juicio, no resultaran adecuados para su publicaci\u00f3n. En cualquier caso, <strong>la fundaci\u00f3n<\/strong> no ser\u00e1 responsable de las opiniones vertidas por los usuarios a trav\u00e9s de los foros, chats, u otras herramientas de participaci\u00f3n.<\/p><style>.wp-block-kadence-advancedheading.kt-adv-heading1297_c50cb9-fd, .wp-block-kadence-advancedheading.kt-adv-heading1297_c50cb9-fd[data-kb-block=\"kb-adv-heading1297_c50cb9-fd\"]{font-style:normal;}.wp-block-kadence-advancedheading.kt-adv-heading1297_c50cb9-fd mark.kt-highlight, .wp-block-kadence-advancedheading.kt-adv-heading1297_c50cb9-fd[data-kb-block=\"kb-adv-heading1297_c50cb9-fd\"] mark.kt-highlight{font-style:normal;color:#f76a0c;-webkit-box-decoration-break:clone;box-decoration-break:clone;padding-top:0px;padding-right:0px;padding-bottom:0px;padding-left:0px;}<\/style>\n<h2 class=\"kt-adv-heading1297_c50cb9-fd wp-block-kadence-advancedheading\" data-kb-block=\"kb-adv-heading1297_c50cb9-fd\"><strong>PROPIEDAD INTELECTUAL E INDUSTRIAL<\/strong><\/h2><p><strong>la fundaci\u00f3n<\/strong> ser\u00e1 titular de todos los derechos de propiedad intelectual e industrial de su p\u00e1gina web, as\u00ed como de los elementos contenidos en la misma (a t\u00edtulo enunciativo, im\u00e1genes, sonido, audio, v\u00eddeo, software o textos; marcas o logotipos, combinaciones de colores, estructura y dise\u00f1o, selecci\u00f3n de materiales usados, programas de ordenador necesarios para su funcionamiento, acceso y uso, etc.).<\/p><p>Todos los derechos reservados. En virtud de lo dispuesto en los art\u00edculos 8 y 32.1, p\u00e1rrafo segundo, de la Ley de Propiedad Intelectual, quedan expresamente prohibidas la reproducci\u00f3n, la distribuci\u00f3n y la comunicaci\u00f3n p\u00fablica, incluida su modalidad de puesta a disposici\u00f3n, de la totalidad o parte de los contenidos de esta p\u00e1gina web, con fines comerciales, en cualquier soporte y por cualquier medio t\u00e9cnico, sin la autorizaci\u00f3n de <strong>la fundaci\u00f3n<\/strong>. El USUARIO se compromete a respetar los derechos de Propiedad Intelectual e Industrial titularidad de <strong>la fundaci\u00f3n<\/strong>. Podr\u00e1 visualizar los elementos del portal e incluso imprimirlos, copiarlos y almacenarlos en el disco duro de su ordenador o en cualquier otro soporte f\u00edsico siempre y cuando sea, \u00fanica y exclusivamente, para su uso personal y privado. El USUARIO deber\u00e1 abstenerse de suprimir, alterar, eludir o manipular cualquier dispositivo de protecci\u00f3n o sistema de seguridad que estuviera instalado en el las p\u00e1ginas de <strong>la fundaci\u00f3n<\/strong>.<\/p><style>.wp-block-kadence-advancedheading.kt-adv-heading1297_fd63f2-41, .wp-block-kadence-advancedheading.kt-adv-heading1297_fd63f2-41[data-kb-block=\"kb-adv-heading1297_fd63f2-41\"]{font-style:normal;}.wp-block-kadence-advancedheading.kt-adv-heading1297_fd63f2-41 mark.kt-highlight, .wp-block-kadence-advancedheading.kt-adv-heading1297_fd63f2-41[data-kb-block=\"kb-adv-heading1297_fd63f2-41\"] mark.kt-highlight{font-style:normal;color:#f76a0c;-webkit-box-decoration-break:clone;box-decoration-break:clone;padding-top:0px;padding-right:0px;padding-bottom:0px;padding-left:0px;}<\/style>\n<h2 class=\"kt-adv-heading1297_fd63f2-41 wp-block-kadence-advancedheading\" data-kb-block=\"kb-adv-heading1297_fd63f2-41\"><strong>EXCLUSI\u00d3N DE GARANT\u00cdAS Y RESPONSABILIDAD<\/strong><\/h2><p><strong>la fundaci\u00f3n<\/strong> no se hace responsable, en ning\u00fan caso, de los da\u00f1os y perjuicios de cualquier naturaleza que pudieran ocasionar, a t\u00edtulo enunciativo: errores u omisiones en los contenidos, falta de disponibilidad del portal o la transmisi\u00f3n de virus o programas maliciosos o lesivos en los contenidos, a pesar de haber adoptado todas las medidas tecnol\u00f3gicas necesarias para evitarlo.<\/p><style>.wp-block-kadence-advancedheading.kt-adv-heading1297_be803a-d6, .wp-block-kadence-advancedheading.kt-adv-heading1297_be803a-d6[data-kb-block=\"kb-adv-heading1297_be803a-d6\"]{font-style:normal;}.wp-block-kadence-advancedheading.kt-adv-heading1297_be803a-d6 mark.kt-highlight, .wp-block-kadence-advancedheading.kt-adv-heading1297_be803a-d6[data-kb-block=\"kb-adv-heading1297_be803a-d6\"] mark.kt-highlight{font-style:normal;color:#f76a0c;-webkit-box-decoration-break:clone;box-decoration-break:clone;padding-top:0px;padding-right:0px;padding-bottom:0px;padding-left:0px;}<\/style>\n<h2 class=\"kt-adv-heading1297_be803a-d6 wp-block-kadence-advancedheading\" data-kb-block=\"kb-adv-heading1297_be803a-d6\"><strong>MODIFICACIONES<\/strong><\/h2><p><strong>la fundaci\u00f3n<\/strong> se reserva el derecho de efectuar sin previo aviso las modificaciones que considere oportunas en su portal, pudiendo cambiar, suprimir o a\u00f1adir tanto los contenidos y servicios que se presten a trav\u00e9s de la misma como la forma en la que \u00e9stos aparezcan presentados o localizados en su portal.<\/p><style>.wp-block-kadence-advancedheading.kt-adv-heading1297_26f685-dc, .wp-block-kadence-advancedheading.kt-adv-heading1297_26f685-dc[data-kb-block=\"kb-adv-heading1297_26f685-dc\"]{font-style:normal;}.wp-block-kadence-advancedheading.kt-adv-heading1297_26f685-dc mark.kt-highlight, .wp-block-kadence-advancedheading.kt-adv-heading1297_26f685-dc[data-kb-block=\"kb-adv-heading1297_26f685-dc\"] mark.kt-highlight{font-style:normal;color:#f76a0c;-webkit-box-decoration-break:clone;box-decoration-break:clone;padding-top:0px;padding-right:0px;padding-bottom:0px;padding-left:0px;}<\/style>\n<h2 class=\"kt-adv-heading1297_26f685-dc wp-block-kadence-advancedheading\" data-kb-block=\"kb-adv-heading1297_26f685-dc\"><strong>ENLACES<\/strong><\/h2><p>En el caso de que en la p\u00e1gina web se dispusiesen enlaces o hiperv\u00ednculos hac\u00eda otros sitios de Internet, <strong>la fundaci\u00f3n<\/strong> no ejercer\u00e1 ning\u00fan tipo de control sobre dichos sitios y contenidos. En ning\u00fan caso <strong>la fundaci\u00f3n<\/strong> asumir\u00e1 responsabilidad alguna por los contenidos de alg\u00fan enlace perteneciente a un sitio web ajeno, ni garantizar\u00e1 la disponibilidad t\u00e9cnica, calidad, fiabilidad, exactitud, amplitud, veracidad, validez y constitucionalidad de cualquier material o informaci\u00f3n contenida en ninguno de dichos hiperv\u00ednculos u otros sitios de Internet.<\/p><p>Igualmente, la inclusi\u00f3n de estas conexiones externas no implicar\u00e1 ning\u00fan tipo de asociaci\u00f3n, fusi\u00f3n o participaci\u00f3n con las entidades conectadas.<\/p><style>.wp-block-kadence-advancedheading.kt-adv-heading1297_d20057-a5, .wp-block-kadence-advancedheading.kt-adv-heading1297_d20057-a5[data-kb-block=\"kb-adv-heading1297_d20057-a5\"]{font-style:normal;}.wp-block-kadence-advancedheading.kt-adv-heading1297_d20057-a5 mark.kt-highlight, .wp-block-kadence-advancedheading.kt-adv-heading1297_d20057-a5[data-kb-block=\"kb-adv-heading1297_d20057-a5\"] mark.kt-highlight{font-style:normal;color:#f76a0c;-webkit-box-decoration-break:clone;box-decoration-break:clone;padding-top:0px;padding-right:0px;padding-bottom:0px;padding-left:0px;}<\/style>\n<h2 class=\"kt-adv-heading1297_d20057-a5 wp-block-kadence-advancedheading\" data-kb-block=\"kb-adv-heading1297_d20057-a5\"><strong>DERECHO DE EXCLUSI\u00d3N<\/strong><\/h2><p><strong>La fundaci\u00f3n<\/strong> se reserva el derecho a denegar o retirar el acceso a portal y\/o los servicios ofrecidos sin necesidad de preaviso, a instancia propia o de un tercero, a aquellos usuarios que incumplan las presentes Condiciones Generales de Uso.<\/p><style>.wp-block-kadence-advancedheading.kt-adv-heading1297_9588a0-98, .wp-block-kadence-advancedheading.kt-adv-heading1297_9588a0-98[data-kb-block=\"kb-adv-heading1297_9588a0-98\"]{font-style:normal;}.wp-block-kadence-advancedheading.kt-adv-heading1297_9588a0-98 mark.kt-highlight, .wp-block-kadence-advancedheading.kt-adv-heading1297_9588a0-98[data-kb-block=\"kb-adv-heading1297_9588a0-98\"] mark.kt-highlight{font-style:normal;color:#f76a0c;-webkit-box-decoration-break:clone;box-decoration-break:clone;padding-top:0px;padding-right:0px;padding-bottom:0px;padding-left:0px;}<\/style>\n<h2 class=\"kt-adv-heading1297_9588a0-98 wp-block-kadence-advancedheading\" data-kb-block=\"kb-adv-heading1297_9588a0-98\"><strong>GENERALIDADES<\/strong><\/h2><p><strong>La fundaci\u00f3n<\/strong> perseguir\u00e1 el incumplimiento de las presentes condiciones, as\u00ed como cualquier utilizaci\u00f3n indebida de su portal ejerciendo todas las acciones civiles y penales que le puedan corresponder en derecho.<\/p><style>.wp-block-kadence-advancedheading.kt-adv-heading1297_3fcea2-b2, .wp-block-kadence-advancedheading.kt-adv-heading1297_3fcea2-b2[data-kb-block=\"kb-adv-heading1297_3fcea2-b2\"]{font-style:normal;}.wp-block-kadence-advancedheading.kt-adv-heading1297_3fcea2-b2 mark.kt-highlight, .wp-block-kadence-advancedheading.kt-adv-heading1297_3fcea2-b2[data-kb-block=\"kb-adv-heading1297_3fcea2-b2\"] mark.kt-highlight{font-style:normal;color:#f76a0c;-webkit-box-decoration-break:clone;box-decoration-break:clone;padding-top:0px;padding-right:0px;padding-bottom:0px;padding-left:0px;}<\/style>\n<h2 class=\"kt-adv-heading1297_3fcea2-b2 wp-block-kadence-advancedheading\" data-kb-block=\"kb-adv-heading1297_3fcea2-b2\"><strong>MODIFICACI\u00d3N DE LAS PRESENTES CONDICIONES Y DURACI\u00d3N<\/strong><\/h2><p><strong>La fundaci\u00f3n<\/strong> podr\u00e1 modificar en cualquier momento las condiciones aqu\u00ed determinadas, siendo debidamente publicadas como aqu\u00ed aparecen.<\/p><p>La vigencia de las citadas condiciones ir\u00e1 en funci\u00f3n de su exposici\u00f3n y estar\u00e1n vigentes hasta que sean modificadas por otras debidamente publicadas.<\/p><style>.wp-block-kadence-advancedheading.kt-adv-heading1297_05a0b1-b2, .wp-block-kadence-advancedheading.kt-adv-heading1297_05a0b1-b2[data-kb-block=\"kb-adv-heading1297_05a0b1-b2\"]{font-style:normal;}.wp-block-kadence-advancedheading.kt-adv-heading1297_05a0b1-b2 mark.kt-highlight, .wp-block-kadence-advancedheading.kt-adv-heading1297_05a0b1-b2[data-kb-block=\"kb-adv-heading1297_05a0b1-b2\"] mark.kt-highlight{font-style:normal;color:#f76a0c;-webkit-box-decoration-break:clone;box-decoration-break:clone;padding-top:0px;padding-right:0px;padding-bottom:0px;padding-left:0px;}<\/style>\n<h2 class=\"kt-adv-heading1297_05a0b1-b2 wp-block-kadence-advancedheading\" data-kb-block=\"kb-adv-heading1297_05a0b1-b2\"><strong>LEGISLACI\u00d3N APLICABLE Y JURISDICCI\u00d3N<\/strong><\/h2><p>La relaci\u00f3n entre <strong>la fundaci\u00f3n<\/strong> y el USUARIO se regir\u00e1 por la normativa espa\u00f1ola vigente y cualquier controversia se someter\u00e1 a los Juzgados y tribunales de la ciudad anteriormente indicada.<\/p><div style=\"height:100px\" aria-hidden=\"true\" class=\"wp-block-spacer\"><\/div>","protected":false},"excerpt":{"rendered":"<p>AVISO LEGAL En cumplimiento de la Ley 34\/2002, de 11 de julio, de Servicios de la Sociedad de la Informaci\u00f3n y de Comercio Electr\u00f3nico (LSSI-CE), la empresa le informa que es titular del sitio web. De acuerdo con la exigencia del art\u00edculo 10 de la citada Ley, informa de los siguientes datos: El titular de&#8230;<\/p>","protected":false},"author":1,"featured_media":0,"parent":0,"menu_order":0,"comment_status":"closed","ping_status":"closed","template":"","meta":{"_kadence_starter_templates_imported_post":false,"_kad_post_transparent":"","_kad_post_title":"","_kad_post_layout":"normal","_kad_post_sidebar_id":"","_kad_post_content_style":"unboxed","_kad_post_vertical_padding":"","_kad_post_feature":"","_kad_post_feature_position":"","_kad_post_header":false,"_kad_post_footer":false,"footnotes":""},"class_list":["post-1297","page","type-page","status-publish","hentry"],"_links":{"self":[{"href":"https:\/\/scitoedicions.org\/es\/wp-json\/wp\/v2\/pages\/1297","targetHints":{"allow":["GET"]}}],"collection":[{"href":"https:\/\/scitoedicions.org\/es\/wp-json\/wp\/v2\/pages"}],"about":[{"href":"https:\/\/scitoedicions.org\/es\/wp-json\/wp\/v2\/types\/page"}],"author":[{"embeddable":true,"href":"https:\/\/scitoedicions.org\/es\/wp-json\/wp\/v2\/users\/1"}],"replies":[{"embeddable":true,"href":"https:\/\/scitoedicions.org\/es\/wp-json\/wp\/v2\/comments?post=1297"}],"version-history":[{"count":3,"href":"https:\/\/scitoedicions.org\/es\/wp-json\/wp\/v2\/pages\/1297\/revisions"}],"predecessor-version":[{"id":206795,"href":"https:\/\/scitoedicions.org\/es\/wp-json\/wp\/v2\/pages\/1297\/revisions\/206795"}],"wp:attachment":[{"href":"https:\/\/scitoedicions.org\/es\/wp-json\/wp\/v2\/media?parent=1297"}],"curies":[{"name":"wp","href":"https:\/\/api.w.org\/{rel}","templated":true}]}}