{"id":1040,"date":"2024-05-23T09:16:08","date_gmt":"2024-05-23T07:16:08","guid":{"rendered":"https:\/\/scitoedicions.org?post_type=product&#038;p=1040"},"modified":"2024-07-29T12:28:53","modified_gmt":"2024-07-29T10:28:53","slug":"valencia-en-linia-trenta-histories-en-el-bus","status":"publish","type":"product","link":"https:\/\/scitoedicions.org\/es\/product\/valencia-en-linia-trenta-histories-en-el-bus\/","title":{"rendered":"Val\u00e8ncia en l\u00ednia. Trenta hist\u00f2ries en el bus."},"content":{"rendered":"","protected":false},"excerpt":{"rendered":"<p><em>Val\u00e8ncia en L\u00ednia <\/em>recorre la ciudad a trav\u00e9s de las vivencias y sensaciones de unos personajes an\u00f3nimos que cada d\u00eda suben al bus. A trav\u00e9s de las historias de sus protagonistas, y de forma casi imperceptible, la ciudad toma protagonismo dentro de una serie de relatos que no te dejar\u00e1n indiferente: asesinatos, miedos, seducciones, robos\u2026 Treinta historias breves conforman este puzle de cuentos adentran en la capital del Turia a trav\u00e9s del relato.<\/p>","protected":false},"featured_media":1056,"comment_status":"open","ping_status":"closed","template":"","meta":{"_kadence_starter_templates_imported_post":false,"_kad_post_transparent":"default","_kad_post_title":"","_kad_post_layout":"default","_kad_post_sidebar_id":"","_kad_post_content_style":"default","_kad_post_vertical_padding":"default","_kad_post_feature":"","_kad_post_feature_position":"","_kad_post_header":false,"_kad_post_footer":false},"product_cat":[22],"product_tag":[],"class_list":{"0":"post-1040","1":"product","2":"type-product","3":"status-publish","4":"has-post-thumbnail","6":"product_cat-narrativa","8":"first","9":"instock","10":"taxable","11":"shipping-taxable","12":"purchasable","13":"product-type-simple","14":"entry","15":"content-bg","16":"loop-entry"},"_links":{"self":[{"href":"https:\/\/scitoedicions.org\/es\/wp-json\/wp\/v2\/product\/1040","targetHints":{"allow":["GET"]}}],"collection":[{"href":"https:\/\/scitoedicions.org\/es\/wp-json\/wp\/v2\/product"}],"about":[{"href":"https:\/\/scitoedicions.org\/es\/wp-json\/wp\/v2\/types\/product"}],"replies":[{"embeddable":true,"href":"https:\/\/scitoedicions.org\/es\/wp-json\/wp\/v2\/comments?post=1040"}],"wp:featuredmedia":[{"embeddable":true,"href":"https:\/\/scitoedicions.org\/es\/wp-json\/wp\/v2\/media\/1056"}],"wp:attachment":[{"href":"https:\/\/scitoedicions.org\/es\/wp-json\/wp\/v2\/media?parent=1040"}],"wp:term":[{"taxonomy":"product_cat","embeddable":true,"href":"https:\/\/scitoedicions.org\/es\/wp-json\/wp\/v2\/product_cat?post=1040"},{"taxonomy":"product_tag","embeddable":true,"href":"https:\/\/scitoedicions.org\/es\/wp-json\/wp\/v2\/product_tag?post=1040"}],"curies":[{"name":"wp","href":"https:\/\/api.w.org\/{rel}","templated":true}]}}