{"id":1041,"date":"2024-05-23T09:16:08","date_gmt":"2024-05-23T07:16:08","guid":{"rendered":"https:\/\/scitoedicions.org?post_type=product&#038;p=1041"},"modified":"2024-07-29T12:31:44","modified_gmt":"2024-07-29T10:31:44","slug":"ucronies-historia-alternativa","status":"publish","type":"product","link":"https:\/\/scitoedicions.org\/es\/product\/ucronies-historia-alternativa\/","title":{"rendered":"Ucronies. Hist\u00f2ria alternativa."},"content":{"rendered":"","protected":false},"excerpt":{"rendered":"<p>La supervivencia de la sociedad depende de una nueva visi\u00f3n del mundo, una \"utop\u00eda en el tiempo\" que defin\u00eda el fil\u00f3sofo Charles Renouvier en el siglo XIX y que acu\u00f1\u00f3 con el t\u00e9rmino \"ucron\u00eda\". No estamos seguros de nada, de las historias que nos han contado hasta ahora los ganadores, el fracaso real de las guerras, la muerte de cantantes, dictadores y personajes que han realizado grandes hitos hist\u00f3ricos\u2026 Es verdad lo que aparece en los libros de historia ? \u00bfHa sucedido lo que narran los autores y autoras de este libro? <em>Ucronies. Hist\u00f2ria alternativa<\/em> es una muestra de diferentes momentos de divergencia que justamente permiten explorar caminos jam\u00e1s explorados y profundizar en sucesos que requieren un conocimiento previo de la historia, de lo ocurrido y que distintas voces han vivido y narrado. \u00a1Ad\u00e9ntrate en una nueva realidad!<\/p>\n<p>\u00abAdvertencia al lector: en este libro encontrar\u00e1s todas las respuestas a las preguntas que jam\u00e1s te has hecho, sabr\u00e1s las verdades que nunca nadie te ha contado y descubrir\u00e1s los secretos mejor guardados de la historia. Pero debes saber que si juegas al juego de las ucron\u00edas, ya no hay vuelta atr\u00e1s\u00bb.<\/p>","protected":false},"featured_media":1057,"comment_status":"open","ping_status":"closed","template":"","meta":{"_kadence_starter_templates_imported_post":false,"_kad_post_transparent":"default","_kad_post_title":"","_kad_post_layout":"default","_kad_post_sidebar_id":"","_kad_post_content_style":"default","_kad_post_vertical_padding":"default","_kad_post_feature":"","_kad_post_feature_position":"","_kad_post_header":false,"_kad_post_footer":false},"product_cat":[22],"product_tag":[],"class_list":{"0":"post-1041","1":"product","2":"type-product","3":"status-publish","4":"has-post-thumbnail","6":"product_cat-narrativa","8":"first","9":"instock","10":"taxable","11":"shipping-taxable","12":"purchasable","13":"product-type-simple","14":"entry","15":"content-bg","16":"loop-entry"},"_links":{"self":[{"href":"https:\/\/scitoedicions.org\/es\/wp-json\/wp\/v2\/product\/1041","targetHints":{"allow":["GET"]}}],"collection":[{"href":"https:\/\/scitoedicions.org\/es\/wp-json\/wp\/v2\/product"}],"about":[{"href":"https:\/\/scitoedicions.org\/es\/wp-json\/wp\/v2\/types\/product"}],"replies":[{"embeddable":true,"href":"https:\/\/scitoedicions.org\/es\/wp-json\/wp\/v2\/comments?post=1041"}],"wp:featuredmedia":[{"embeddable":true,"href":"https:\/\/scitoedicions.org\/es\/wp-json\/wp\/v2\/media\/1057"}],"wp:attachment":[{"href":"https:\/\/scitoedicions.org\/es\/wp-json\/wp\/v2\/media?parent=1041"}],"wp:term":[{"taxonomy":"product_cat","embeddable":true,"href":"https:\/\/scitoedicions.org\/es\/wp-json\/wp\/v2\/product_cat?post=1041"},{"taxonomy":"product_tag","embeddable":true,"href":"https:\/\/scitoedicions.org\/es\/wp-json\/wp\/v2\/product_tag?post=1041"}],"curies":[{"name":"wp","href":"https:\/\/api.w.org\/{rel}","templated":true}]}}