{"id":1042,"date":"2024-05-23T09:16:08","date_gmt":"2024-05-23T07:16:08","guid":{"rendered":"https:\/\/scitoedicions.org?post_type=product&#038;p=1042"},"modified":"2024-07-29T12:32:08","modified_gmt":"2024-07-29T10:32:08","slug":"pous-de-memoria-terrats-a-vora-mar","status":"publish","type":"product","link":"https:\/\/scitoedicions.org\/es\/product\/pous-de-memoria-terrats-a-vora-mar\/","title":{"rendered":"Pous de mem\u00f2ria. Terrats a vora mar."},"content":{"rendered":"","protected":false},"excerpt":{"rendered":"<p class=\"western\" lang=\"en-US\" align=\"left\"><span lang=\"es-ES\">Escucha el rumor del mar, imagina el silencio y las conversaciones al pasar del d\u00eda a d\u00eda de la sociedad y emborracha tus sentidos por descubrir el Mediterr\u00e1neo en tu piel. Una narrativa fresca que nos invita a empezar muchas cuestiones generacionales, de costumbres y del uso de la lengua. Conocer\u00e1s las vivencias de la poblaci\u00f3n de D\u00e9nia en una vor\u00e1gine de relatos que te trasladar\u00e1n, entre ficci\u00f3n y realidad, a ambientes marineros, abiertos y multiculturales, de ahora y antes.<\/span><\/p>","protected":false},"featured_media":1058,"comment_status":"open","ping_status":"closed","template":"","meta":{"_kadence_starter_templates_imported_post":false,"_kad_post_transparent":"default","_kad_post_title":"","_kad_post_layout":"default","_kad_post_sidebar_id":"","_kad_post_content_style":"default","_kad_post_vertical_padding":"default","_kad_post_feature":"","_kad_post_feature_position":"","_kad_post_header":false,"_kad_post_footer":false},"product_cat":[22],"product_tag":[],"class_list":{"0":"post-1042","1":"product","2":"type-product","3":"status-publish","4":"has-post-thumbnail","6":"product_cat-narrativa","8":"first","9":"instock","10":"taxable","11":"shipping-taxable","12":"purchasable","13":"product-type-simple","14":"entry","15":"content-bg","16":"loop-entry"},"_links":{"self":[{"href":"https:\/\/scitoedicions.org\/es\/wp-json\/wp\/v2\/product\/1042","targetHints":{"allow":["GET"]}}],"collection":[{"href":"https:\/\/scitoedicions.org\/es\/wp-json\/wp\/v2\/product"}],"about":[{"href":"https:\/\/scitoedicions.org\/es\/wp-json\/wp\/v2\/types\/product"}],"replies":[{"embeddable":true,"href":"https:\/\/scitoedicions.org\/es\/wp-json\/wp\/v2\/comments?post=1042"}],"wp:featuredmedia":[{"embeddable":true,"href":"https:\/\/scitoedicions.org\/es\/wp-json\/wp\/v2\/media\/1058"}],"wp:attachment":[{"href":"https:\/\/scitoedicions.org\/es\/wp-json\/wp\/v2\/media?parent=1042"}],"wp:term":[{"taxonomy":"product_cat","embeddable":true,"href":"https:\/\/scitoedicions.org\/es\/wp-json\/wp\/v2\/product_cat?post=1042"},{"taxonomy":"product_tag","embeddable":true,"href":"https:\/\/scitoedicions.org\/es\/wp-json\/wp\/v2\/product_tag?post=1042"}],"curies":[{"name":"wp","href":"https:\/\/api.w.org\/{rel}","templated":true}]}}