{"id":1043,"date":"2024-05-23T09:16:08","date_gmt":"2024-05-23T07:16:08","guid":{"rendered":"https:\/\/scitoedicions.org?post_type=product&#038;p=1043"},"modified":"2024-07-29T12:33:04","modified_gmt":"2024-07-29T10:33:04","slug":"senyals-del-territori-un-mapa-del-temps","status":"publish","type":"product","link":"https:\/\/scitoedicions.org\/es\/product\/senyals-del-territori-un-mapa-del-temps\/","title":{"rendered":"Senyals del territori. Un mapa del temps."},"content":{"rendered":"","protected":false},"excerpt":{"rendered":"<p class=\"western\" lang=\"en-US\"><span lang=\"ca-ES\">El laberinto actual de informaci\u00f3n parece no apaciguar un remolino que nos devora sin miramientos, mostr\u00e1ndonos un pasado nost\u00e1lgico y un presente vital pero desordenado. Sin embargo, en este caos siempre ha habido un remanente: la especie humana y la naturaleza. Los seres humanos hemos tenido una relaci\u00f3n milenaria con la flora y la fauna desde la agricultura, estudiando y transformando el paisaje que nos rodea. Investiga ahora c\u00f3mo y por qu\u00e9 se ha construido esta nueva \u00e9poca y cu\u00e1les son nuestras posibilidades de futuro.<\/span><\/p>\n<blockquote>\n<p class=\"western\" lang=\"en-US\"><span lang=\"ca-ES\">F\u00e8lix Edo Tena: <\/span><span lang=\"es-ES\">\u00a1Se trata de un proceso de creaci\u00f3n que da como resultado una imagen espacial que es capaz de sintetizar la realidad estrictamente material con las emociones y la memoria de quien ha interactuado con este paisaje!<\/span><span lang=\"es-ES\">.<\/span><\/p>\n<\/blockquote>","protected":false},"featured_media":1059,"comment_status":"open","ping_status":"closed","template":"","meta":{"_kadence_starter_templates_imported_post":false,"_kad_post_transparent":"default","_kad_post_title":"","_kad_post_layout":"default","_kad_post_sidebar_id":"","_kad_post_content_style":"default","_kad_post_vertical_padding":"default","_kad_post_feature":"","_kad_post_feature_position":"","_kad_post_header":false,"_kad_post_footer":false},"product_cat":[23],"product_tag":[],"class_list":{"0":"post-1043","1":"product","2":"type-product","3":"status-publish","4":"has-post-thumbnail","6":"product_cat-assaig","8":"first","9":"instock","10":"taxable","11":"shipping-taxable","12":"purchasable","13":"product-type-simple","14":"entry","15":"content-bg","16":"loop-entry"},"_links":{"self":[{"href":"https:\/\/scitoedicions.org\/es\/wp-json\/wp\/v2\/product\/1043","targetHints":{"allow":["GET"]}}],"collection":[{"href":"https:\/\/scitoedicions.org\/es\/wp-json\/wp\/v2\/product"}],"about":[{"href":"https:\/\/scitoedicions.org\/es\/wp-json\/wp\/v2\/types\/product"}],"replies":[{"embeddable":true,"href":"https:\/\/scitoedicions.org\/es\/wp-json\/wp\/v2\/comments?post=1043"}],"wp:featuredmedia":[{"embeddable":true,"href":"https:\/\/scitoedicions.org\/es\/wp-json\/wp\/v2\/media\/1059"}],"wp:attachment":[{"href":"https:\/\/scitoedicions.org\/es\/wp-json\/wp\/v2\/media?parent=1043"}],"wp:term":[{"taxonomy":"product_cat","embeddable":true,"href":"https:\/\/scitoedicions.org\/es\/wp-json\/wp\/v2\/product_cat?post=1043"},{"taxonomy":"product_tag","embeddable":true,"href":"https:\/\/scitoedicions.org\/es\/wp-json\/wp\/v2\/product_tag?post=1043"}],"curies":[{"name":"wp","href":"https:\/\/api.w.org\/{rel}","templated":true}]}}