{"id":1044,"date":"2024-05-23T09:16:08","date_gmt":"2024-05-23T07:16:08","guid":{"rendered":"https:\/\/scitoedicions.org?post_type=product&#038;p=1044"},"modified":"2024-07-29T12:33:32","modified_gmt":"2024-07-29T10:33:32","slug":"la-conjectura-canamel-o-el-sacrifici-del-bateig","status":"publish","type":"product","link":"https:\/\/scitoedicions.org\/es\/product\/la-conjectura-canamel-o-el-sacrifici-del-bateig\/","title":{"rendered":"La conjectura Canamel o el sacrifici del bateig"},"content":{"rendered":"","protected":false},"excerpt":{"rendered":"<p class=\"western\" lang=\"en-US\" align=\"justify\"><span lang=\"ca-ES\">Nelo Canamel es un cient\u00edfico dedicado a la f\u00edsica te\u00f3rica que ver\u00e1 c\u00f3mo su mundo se transforma misteriosamente del siglo XX a un futuro altamente tecnificado. Acostumbrado a la vida humilde de la aldea de Jes\u00fas Pobre, vivir\u00e1 la mayor de las aventuras en las ciudades de Los \u00c1ngeles, Kioto y Se\u00fal, y asistir\u00e1 a la creaci\u00f3n de ideas que producir\u00e1n una revoluci\u00f3n cient\u00edfica de magnitud c\u00f3smica. M\u00e1s all\u00e1 de la ciencia ficci\u00f3n, vida y ciencia se entrelazan en el viaje apasionante de nuestro protagonista a un futuro en el que tendr\u00e1 que resolver enigmas pasados \u200b\u200by presentes si quiere sobrevivir en un universo tan maravilloso como letal.<\/span><\/p>","protected":false},"featured_media":1060,"comment_status":"open","ping_status":"closed","template":"","meta":{"_kadence_starter_templates_imported_post":false,"_kad_post_transparent":"default","_kad_post_title":"","_kad_post_layout":"default","_kad_post_sidebar_id":"","_kad_post_content_style":"default","_kad_post_vertical_padding":"default","_kad_post_feature":"","_kad_post_feature_position":"","_kad_post_header":false,"_kad_post_footer":false},"product_cat":[22],"product_tag":[],"class_list":{"0":"post-1044","1":"product","2":"type-product","3":"status-publish","4":"has-post-thumbnail","6":"product_cat-narrativa","8":"first","9":"instock","10":"taxable","11":"shipping-taxable","12":"purchasable","13":"product-type-simple","14":"entry","15":"content-bg","16":"loop-entry"},"_links":{"self":[{"href":"https:\/\/scitoedicions.org\/es\/wp-json\/wp\/v2\/product\/1044","targetHints":{"allow":["GET"]}}],"collection":[{"href":"https:\/\/scitoedicions.org\/es\/wp-json\/wp\/v2\/product"}],"about":[{"href":"https:\/\/scitoedicions.org\/es\/wp-json\/wp\/v2\/types\/product"}],"replies":[{"embeddable":true,"href":"https:\/\/scitoedicions.org\/es\/wp-json\/wp\/v2\/comments?post=1044"}],"wp:featuredmedia":[{"embeddable":true,"href":"https:\/\/scitoedicions.org\/es\/wp-json\/wp\/v2\/media\/1060"}],"wp:attachment":[{"href":"https:\/\/scitoedicions.org\/es\/wp-json\/wp\/v2\/media?parent=1044"}],"wp:term":[{"taxonomy":"product_cat","embeddable":true,"href":"https:\/\/scitoedicions.org\/es\/wp-json\/wp\/v2\/product_cat?post=1044"},{"taxonomy":"product_tag","embeddable":true,"href":"https:\/\/scitoedicions.org\/es\/wp-json\/wp\/v2\/product_tag?post=1044"}],"curies":[{"name":"wp","href":"https:\/\/api.w.org\/{rel}","templated":true}]}}