{"id":1046,"date":"2024-05-23T09:16:09","date_gmt":"2024-05-23T07:16:09","guid":{"rendered":"https:\/\/scitoedicions.org?post_type=product&#038;p=1046"},"modified":"2024-07-29T12:48:46","modified_gmt":"2024-07-29T10:48:46","slug":"els-viatges-singulars","status":"publish","type":"product","link":"https:\/\/scitoedicions.org\/es\/product\/els-viatges-singulars\/","title":{"rendered":"Els viatges singulars"},"content":{"rendered":"","protected":false},"excerpt":{"rendered":"<p>Viajamos para conocer, para descubrir, para disfrutar. Viajamos como reto, como costumbre o como compromiso laboral o familiar. Viajamos con fecha de regreso o indefinidamente, con o sin mapa, con muchos planes o con s\u00f3lo uno: improvisar. Algunos, m\u00e1s que viajar, huyen: de una guerra, de la miseria, de alguien que les ha hecho da\u00f1o. Dedicamos tiempo y dinero para viajar a otros continentes o al pueblo de al lado, aunque, a veces, el mejor viaje puede estar en el horno donde compramos el pan todos los d\u00edas.<\/p>\n<p>A veces podemos viajar acompa\u00f1ados, pero siempre viajamos solos. El viaje externo siempre implica un desplazamiento interno que nadie puede vivir por nosotros. El viaje externo es compartible; el interno es intransferible.<\/p>\n<p>El libro 'Els viatges singulars' es una recopilaci\u00f3n de 29 relatos de autores y autoras que cuentan su viaje intransferible, su experiencia y sus emociones.<\/p>","protected":false},"featured_media":1062,"comment_status":"open","ping_status":"closed","template":"","meta":{"_kadence_starter_templates_imported_post":false,"_kad_post_transparent":"default","_kad_post_title":"","_kad_post_layout":"default","_kad_post_sidebar_id":"","_kad_post_content_style":"default","_kad_post_vertical_padding":"default","_kad_post_feature":"","_kad_post_feature_position":"","_kad_post_header":false,"_kad_post_footer":false},"product_cat":[24],"product_tag":[],"class_list":{"0":"post-1046","1":"product","2":"type-product","3":"status-publish","4":"has-post-thumbnail","6":"product_cat-viatge","8":"first","9":"instock","10":"taxable","11":"shipping-taxable","12":"purchasable","13":"product-type-simple","14":"entry","15":"content-bg","16":"loop-entry"},"_links":{"self":[{"href":"https:\/\/scitoedicions.org\/es\/wp-json\/wp\/v2\/product\/1046","targetHints":{"allow":["GET"]}}],"collection":[{"href":"https:\/\/scitoedicions.org\/es\/wp-json\/wp\/v2\/product"}],"about":[{"href":"https:\/\/scitoedicions.org\/es\/wp-json\/wp\/v2\/types\/product"}],"replies":[{"embeddable":true,"href":"https:\/\/scitoedicions.org\/es\/wp-json\/wp\/v2\/comments?post=1046"}],"wp:featuredmedia":[{"embeddable":true,"href":"https:\/\/scitoedicions.org\/es\/wp-json\/wp\/v2\/media\/1062"}],"wp:attachment":[{"href":"https:\/\/scitoedicions.org\/es\/wp-json\/wp\/v2\/media?parent=1046"}],"wp:term":[{"taxonomy":"product_cat","embeddable":true,"href":"https:\/\/scitoedicions.org\/es\/wp-json\/wp\/v2\/product_cat?post=1046"},{"taxonomy":"product_tag","embeddable":true,"href":"https:\/\/scitoedicions.org\/es\/wp-json\/wp\/v2\/product_tag?post=1046"}],"curies":[{"name":"wp","href":"https:\/\/api.w.org\/{rel}","templated":true}]}}