{"id":1047,"date":"2024-05-23T09:16:09","date_gmt":"2024-05-23T07:16:09","guid":{"rendered":"https:\/\/scitoedicions.org?post_type=product&#038;p=1047"},"modified":"2025-08-06T13:16:55","modified_gmt":"2025-08-06T11:16:55","slug":"marite-i-les-dones-goril-la-edicio-digital","status":"publish","type":"product","link":"https:\/\/scitoedicions.org\/es\/product\/marite-i-les-dones-goril-la-edicio-digital\/","title":{"rendered":"Marite i les dones goril.la (edici\u00f3n digital)"},"content":{"rendered":"","protected":false},"excerpt":{"rendered":"<p><span style=\"color: red; font-size: 10px; border: 1px solid red; border-radius: 5px; padding: 2px 4px;\"><strong>\u00a0EDICI\u00d3 DIGITAL\u00a0<\/strong><br \/>\n<\/span><\/div>\n<p><iframe loading=\"lazy\" title=\"YouTube video player\" src=\"https:\/\/www.youtube.com\/embed\/_DGCELfPp40\" width=\"940\" height=\"529\" frameborder=\"0\" allowfullscreen=\"allowfullscreen\"><\/iframe><\/p>\n<p>Aitana es una adolescente rebelde y contestataria que trata de descubrir qu\u00e9 papel juega en la lucha por visibilizar a las mujeres en el arte. Todo comienza con la inauguraci\u00f3n en el IVAM de una exposici\u00f3n, donde es testigo de la acci\u00f3n de las Mujeres Gorila, un grupo activista feminista clandestino que lleva de cabeza a toda Valencia. Marite, una profesora interina de Historia del arte, guiar\u00e1 y ayudar\u00e1 a Aitana a conseguir sus objetivos.<\/p>\n<p>Marite i les dones goril.la es una divertida comedia feminista, pero tambi\u00e9n es un homenaje al profesorado ya su labor indispensable para construir una sociedad justa e igualitaria.<\/p>\n<p><strong>\u00a1Disponible tambi\u00e9n en papel!<\/strong><\/p>\n<p><strong>Compra el libro en amazon con la versi\u00f3n para kindle<\/strong><\/p>\n<form class=\"cart\" action=\"https:\/\/www.amazon.es\/Marite-i-Dones-Goril%C2%B7-Catalan-ebook\/dp\/B08CZVNDNS\/ref=sr_1_fkmr0_1?__mk_es_ES=%C3%85M%C3%85%C5%BD%C3%95%C3%91&#038;dchild=1&#038;keywords=Marite+i+les+goriles+Sanchis&#038;qid=1595247088&#038;quartzVehicle=77-976&#038;replacementKeywords=marite+les+goriles+sanchis&#038;sr=8-1-fkmr0\" method=\"get\" data-trp-original-action=\"https:\/\/www.amazon.es\/Marite-i-Dones-Goril%C2%B7-Catalan-ebook\/dp\/B08CZVNDNS\/ref=sr_1_fkmr0_1?__mk_es_ES=%C3%85M%C3%85%C5%BD%C3%95%C3%91&amp;dchild=1&amp;keywords=Marite+i+les+goriles+Sanchis&amp;qid=1595247088&amp;quartzVehicle=77-976&amp;replacementKeywords=marite+les+goriles+sanchis&amp;sr=8-1-fkmr0\"><button class=\"single_add_to_cart_button button alt\" type=\"submit\">Compra versi\u00f3n Kindle<\/button> <input name=\"__mk_es_ES\" type=\"hidden\" value=\"\u00c5M\u00c5\u017d\u00d5\u00d1\" \/><input name=\"dchild\" type=\"hidden\" value=\"1\" \/><input name=\"keywords\" type=\"hidden\" value=\"Marite+i+les+goriles+Sanchis\" \/><input name=\"qid\" type=\"hidden\" value=\"1595247088\" \/><input name=\"quartzVehicle\" type=\"hidden\" value=\"77-976\" \/><input name=\"replacementKeywords\" type=\"hidden\" value=\"marite+les+goriles+sanchis\" \/><input name=\"sr\" type=\"hidden\" value=\"8-1-fkmr0\" \/><br \/>\n<br \/>\nEsta versi\u00f3n est\u00e1 en formato EPUB para tu tablet o dispositivo de lectura.<strong><br \/>\n<\/strong><\/p>\n<input type=\"hidden\" name=\"trp-form-language\" value=\"es\"\/><\/form>","protected":false},"featured_media":1063,"comment_status":"open","ping_status":"closed","template":"","meta":{"_kadence_starter_templates_imported_post":false,"_kad_post_transparent":"default","_kad_post_title":"","_kad_post_layout":"default","_kad_post_sidebar_id":"","_kad_post_content_style":"default","_kad_post_vertical_padding":"default","_kad_post_feature":"","_kad_post_feature_position":"","_kad_post_header":false,"_kad_post_footer":false},"product_cat":[25],"product_tag":[],"class_list":{"0":"post-1047","1":"product","2":"type-product","3":"status-publish","4":"has-post-thumbnail","6":"product_cat-scito-edicions","8":"first","9":"instock","10":"downloadable","11":"virtual","12":"taxable","13":"purchasable","14":"product-type-simple","15":"entry","16":"content-bg","17":"loop-entry"},"_links":{"self":[{"href":"https:\/\/scitoedicions.org\/es\/wp-json\/wp\/v2\/product\/1047","targetHints":{"allow":["GET"]}}],"collection":[{"href":"https:\/\/scitoedicions.org\/es\/wp-json\/wp\/v2\/product"}],"about":[{"href":"https:\/\/scitoedicions.org\/es\/wp-json\/wp\/v2\/types\/product"}],"replies":[{"embeddable":true,"href":"https:\/\/scitoedicions.org\/es\/wp-json\/wp\/v2\/comments?post=1047"}],"wp:featuredmedia":[{"embeddable":true,"href":"https:\/\/scitoedicions.org\/es\/wp-json\/wp\/v2\/media\/1063"}],"wp:attachment":[{"href":"https:\/\/scitoedicions.org\/es\/wp-json\/wp\/v2\/media?parent=1047"}],"wp:term":[{"taxonomy":"product_cat","embeddable":true,"href":"https:\/\/scitoedicions.org\/es\/wp-json\/wp\/v2\/product_cat?post=1047"},{"taxonomy":"product_tag","embeddable":true,"href":"https:\/\/scitoedicions.org\/es\/wp-json\/wp\/v2\/product_tag?post=1047"}],"curies":[{"name":"wp","href":"https:\/\/api.w.org\/{rel}","templated":true}]}}