{"id":1048,"date":"2024-05-23T09:16:09","date_gmt":"2024-05-23T07:16:09","guid":{"rendered":"https:\/\/scitoedicions.org?post_type=product&#038;p=1048"},"modified":"2024-07-29T14:13:17","modified_gmt":"2024-07-29T12:13:17","slug":"de-dunkerque-al-montgo-laventura-de-la-mesura-del-metre","status":"publish","type":"product","link":"https:\/\/scitoedicions.org\/es\/product\/de-dunkerque-al-montgo-laventura-de-la-mesura-del-metre\/","title":{"rendered":"De Dunkerque al Montg\u00f3: L&#8217;aventura de la mesura del metre"},"content":{"rendered":"","protected":false},"excerpt":{"rendered":"<p>[embed]https:\/\/www.youtube.com\/watch?v=JZyomNuJaHQ[\/embed]<br \/>\nA finales del s. XVIII en Francia hab\u00eda unas dos mil unidades de pesos y medidas, una mara\u00f1a que obstaculizaba el comercio. En distintos momentos se hab\u00eda intentado poner orden en ese caos metrol\u00f3gico, pero el resultado hab\u00eda sido siempre el mismo: un fracaso. Ser\u00edan los revolucionarios franceses, quienes, con el objetivo de hacer iguales a todos los ciudadanos, conseguir\u00edan la deseada, al menos para algunos, unificaci\u00f3n.<br \/>\nEl 8 de mayo de 1790, la Asamblea encarg\u00f3 a la Academia de Ciencias de Par\u00eds una propuesta de reforma del sistema metrol\u00f3gico. Los sabios de la Academia decidieron, adem\u00e1s de referir todas las unidades de medida a la de longitud, el metro, utilizar el sistema de numeraci\u00f3n decimal, y utilizar la naturaleza para definir la longitud del metro.<br \/>\nComo el metro lo iban a definir en relaci\u00f3n a la longitud de un meridiano terrestre, se encarg\u00f3 a los dos astr\u00f3nomos de mayor prestigio del momento, J. B. J. Delambre y P. F. A. Mechain la medida de la longitud de un arco del meridiano que pasa por Par\u00eds. El primero medir\u00eda desde Dunkerque a Rodez, y el segundo desde Rodez a Barcelona. Lo que iba a ser un trabajo de unos pocos a\u00f1os se convirti\u00f3 en una aventura de siete a\u00f1os.<br \/>\nAl final de este periplo, los astr\u00f3nomos presentaban de una comisi\u00f3n internacional sus c\u00e1lculos. Una conclusi\u00f3n era que el geoide terrestre era m\u00e1s irregular de lo que se supon\u00eda.<br \/>\nAnte la insistencia de Mechain de ampliar el arco de meridiano medido, se acord\u00f3 que Mechain se desplace a Barcelona y que mida hasta Ibiza. Mechain muri\u00f3 en Castell\u00f3n, dejando la tarea a mediados de hacer. J. B. Biot y F. Arago fueron los encargados de terminar el trabajo. Si inicialmente ten\u00edan previsto llegar hasta Cullera, la buena visibilidad del Montg\u00f3 desde Baleares les aconsej\u00f3 descender hasta esta monta\u00f1a. En 1807 daban por finalizadas las triangulaciones.<\/p>\n<p><a href=\"https:\/\/www.amazon.es\/dp\/B08JHB7VSR\">Compra versi\u00f3n Kindle<\/a><\/p>","protected":false},"featured_media":1064,"comment_status":"open","ping_status":"closed","template":"","meta":{"_kadence_starter_templates_imported_post":false,"_kad_post_transparent":"default","_kad_post_title":"","_kad_post_layout":"default","_kad_post_sidebar_id":"","_kad_post_content_style":"default","_kad_post_vertical_padding":"default","_kad_post_feature":"","_kad_post_feature_position":"","_kad_post_header":false,"_kad_post_footer":false},"product_cat":[25],"product_tag":[],"class_list":{"0":"post-1048","1":"product","2":"type-product","3":"status-publish","4":"has-post-thumbnail","6":"product_cat-scito-edicions","8":"first","9":"instock","10":"taxable","11":"shipping-taxable","12":"purchasable","13":"product-type-simple","14":"entry","15":"content-bg","16":"loop-entry"},"_links":{"self":[{"href":"https:\/\/scitoedicions.org\/es\/wp-json\/wp\/v2\/product\/1048","targetHints":{"allow":["GET"]}}],"collection":[{"href":"https:\/\/scitoedicions.org\/es\/wp-json\/wp\/v2\/product"}],"about":[{"href":"https:\/\/scitoedicions.org\/es\/wp-json\/wp\/v2\/types\/product"}],"replies":[{"embeddable":true,"href":"https:\/\/scitoedicions.org\/es\/wp-json\/wp\/v2\/comments?post=1048"}],"wp:featuredmedia":[{"embeddable":true,"href":"https:\/\/scitoedicions.org\/es\/wp-json\/wp\/v2\/media\/1064"}],"wp:attachment":[{"href":"https:\/\/scitoedicions.org\/es\/wp-json\/wp\/v2\/media?parent=1048"}],"wp:term":[{"taxonomy":"product_cat","embeddable":true,"href":"https:\/\/scitoedicions.org\/es\/wp-json\/wp\/v2\/product_cat?post=1048"},{"taxonomy":"product_tag","embeddable":true,"href":"https:\/\/scitoedicions.org\/es\/wp-json\/wp\/v2\/product_tag?post=1048"}],"curies":[{"name":"wp","href":"https:\/\/api.w.org\/{rel}","templated":true}]}}