{"id":1050,"date":"2024-05-23T09:16:09","date_gmt":"2024-05-23T07:16:09","guid":{"rendered":"https:\/\/scitoedicions.org?post_type=product&#038;p=1050"},"modified":"2025-08-06T13:17:22","modified_gmt":"2025-08-06T11:17:22","slug":"contes-de-la-gran-tartaria-i-de-mes-enlla-edicio-digital","status":"publish","type":"product","link":"https:\/\/scitoedicions.org\/es\/product\/contes-de-la-gran-tartaria-i-de-mes-enlla-edicio-digital\/","title":{"rendered":"Contes de la Gran Tart\u00e0ria i de m\u00e9s enll\u00e0 (edici\u00f3 digital)"},"content":{"rendered":"","protected":false},"excerpt":{"rendered":"<p><span style=\"color: red; font-size: 10px; border: 1px solid red; border-radius: 5px; padding: 2px 4px;\"><strong>\u00a0EDICI\u00d3 DIGITAL\u00a0<\/strong><br \/>\n<\/span><\/div>\n<p>\u00bfTe gustar\u00eda saber c\u00f3mo un hijo de rey acab\u00f3 siendo sastre y c\u00f3mo volvi\u00f3 a ser hijo de rey?\u2026 \u00bfO c\u00f3mo un genio canje\u00f3 los destinos de un joven pr\u00edncipe y de una joven princesa?\u2026 \u00bfO qu\u00e9 pas\u00f3 porque \u00bfun experimentado cazador resultar\u00e1 cazado por una domadora de elefantes?<\/p>\n<p>Transportate a tierras de Oriente para descubrir las historias de las tierras m\u00edticas de la Gran Tartaria\u2026 Elefantes feroces, elixires m\u00e1gicos, serpientes medicinales, genios buenos y endemoniados; el profeta Mahoma o los nietos de Genguis Khan\u2026<\/p>\n<p>Todo, a trav\u00e9s de la voz de una joven cuentacuentos que, cada tarde, re\u00fane a sus fieles parroquianos en el caf\u00e9 familiar, donde se congregan para escuchar historias dichas y escritas hace un mont\u00f3n de a\u00f1os de c\u00f3mo el caprichoso destino juega con la vida de sultanes y califas, pr\u00edncipes y princesas, guerreras y bandoleros.<\/p>\n<p>Y ahora, cierra los ojos, imag\u00ednate sobre un div\u00e1n, escucha la voz de esta chahrazad sir\u00edaca de prodigiosa memoria y d\u00e9jate llevar a alg\u00fan pa\u00eds de maravilla de aquellos donde toda verdad es mentira y toda mentira, verdad.<\/p>\n<p>Archivo descarga : epub<\/p>\n<p>Producto tambi\u00e9n disponible en papel<\/p>\n<p><iframe loading=\"lazy\" title=\"YouTube video player\" src=\"https:\/\/www.youtube.com\/embed\/lYGBYIBCl4A\" width=\"940\" height=\"529\" frameborder=\"0\" allowfullscreen=\"allowfullscreen\"><\/iframe><\/p>\n<form class=\"cart\" action=\"https:\/\/www.amazon.es\/Contes-Gran-Tart%C3%A0ria-m%C3%A9s-enll%C3%A0-ebook\/dp\/B08JH2WLZQ\" method=\"get\" data-trp-original-action=\"https:\/\/www.amazon.es\/Contes-Gran-Tart%C3%A0ria-m%C3%A9s-enll%C3%A0-ebook\/dp\/B08JH2WLZQ\"><button class=\"single_add_to_cart_button button alt\" type=\"submit\">Compra versi\u00f3n Kindle<\/button> <input name=\"__mk_es_ES\" type=\"hidden\" value=\"\u00c5M\u00c5\u017d\u00d5\u00d1\" \/><input name=\"dchild\" type=\"hidden\" value=\"1\" \/><input name=\"keywords\" type=\"hidden\" value=\"Marite+i+les+goriles+Sanchis\" \/><input name=\"qid\" type=\"hidden\" value=\"1595247088\" \/><input name=\"quartzVehicle\" type=\"hidden\" value=\"77-976\" \/><input name=\"replacementKeywords\" type=\"hidden\" value=\"marite+les+goriles+sanchis\" \/><input name=\"sr\" type=\"hidden\" value=\"8-1-fkmr0\" \/><input type=\"hidden\" name=\"trp-form-language\" value=\"es\"\/><\/form>\n<p><strong>Compra la versi\u00f3n en EPUB para tu tableta<\/strong><\/p>","protected":false},"featured_media":1066,"comment_status":"open","ping_status":"closed","template":"","meta":{"_kadence_starter_templates_imported_post":false,"_kad_post_transparent":"default","_kad_post_title":"","_kad_post_layout":"default","_kad_post_sidebar_id":"","_kad_post_content_style":"default","_kad_post_vertical_padding":"default","_kad_post_feature":"","_kad_post_feature_position":"","_kad_post_header":false,"_kad_post_footer":false},"product_cat":[25],"product_tag":[],"class_list":{"0":"post-1050","1":"product","2":"type-product","3":"status-publish","4":"has-post-thumbnail","6":"product_cat-scito-edicions","8":"first","9":"instock","10":"downloadable","11":"virtual","12":"taxable","13":"purchasable","14":"product-type-simple","15":"entry","16":"content-bg","17":"loop-entry"},"_links":{"self":[{"href":"https:\/\/scitoedicions.org\/es\/wp-json\/wp\/v2\/product\/1050","targetHints":{"allow":["GET"]}}],"collection":[{"href":"https:\/\/scitoedicions.org\/es\/wp-json\/wp\/v2\/product"}],"about":[{"href":"https:\/\/scitoedicions.org\/es\/wp-json\/wp\/v2\/types\/product"}],"replies":[{"embeddable":true,"href":"https:\/\/scitoedicions.org\/es\/wp-json\/wp\/v2\/comments?post=1050"}],"wp:featuredmedia":[{"embeddable":true,"href":"https:\/\/scitoedicions.org\/es\/wp-json\/wp\/v2\/media\/1066"}],"wp:attachment":[{"href":"https:\/\/scitoedicions.org\/es\/wp-json\/wp\/v2\/media?parent=1050"}],"wp:term":[{"taxonomy":"product_cat","embeddable":true,"href":"https:\/\/scitoedicions.org\/es\/wp-json\/wp\/v2\/product_cat?post=1050"},{"taxonomy":"product_tag","embeddable":true,"href":"https:\/\/scitoedicions.org\/es\/wp-json\/wp\/v2\/product_tag?post=1050"}],"curies":[{"name":"wp","href":"https:\/\/api.w.org\/{rel}","templated":true}]}}