{"id":1052,"date":"2024-05-23T09:16:09","date_gmt":"2024-05-23T07:16:09","guid":{"rendered":"https:\/\/scitoedicions.org?post_type=product&#038;p=1052"},"modified":"2024-05-23T09:16:27","modified_gmt":"2024-05-23T07:16:27","slug":"de-lectures-i-digestions-llibres-del-segle-xxi-per-a-insaciables","status":"publish","type":"product","link":"https:\/\/scitoedicions.org\/es\/product\/de-lectures-i-digestions-llibres-del-segle-xxi-per-a-insaciables\/","title":{"rendered":"De lectures i digestions. Llibres del segle XXI per a insaciables"},"content":{"rendered":"<p><strong>Sinopsis<\/strong><\/p>\n<p>Las compilaciones, frecuentes en la Edad Media, consist\u00edan en realizar \u00edndices de registros de autores o de repertorios bibliogr\u00e1ficos, como el caso de Bibliotheca o Miriabiblion de Foci (siglo IX), que se intitulaba en realidad: \u00abDescripci\u00f3n y enumeraci\u00f3n de los doscientos setenta y nueve libros le\u00eddos por nosotros, cuyo contenido ha querido conocer a nuestro querido hermano Tarasi\u00bb. Gracias a compilaciones como \u00e9sta se tiene noticias de obras desgraciadamente ahora desaparecidas. De lecturas y digestiones quiere ofrecer un peque\u00f1o compendio, valorativo y personal, que podr\u00eda servir de gu\u00eda para elegir libros y acercarse a la literatura que ahora se hace por nuestro territorio.<\/p>\n<p>Esta particular recopilaci\u00f3n responde al \u00fanico objetivo de compartir las opiniones favorables sobre estos libros que tienen en com\u00fan: u\/ se trata de literatura de creaci\u00f3n para adultos que ha sido publicada en el siglo veintiuno, y dos\/ se trata de obras editadas originariamente en catal\u00e1n.<\/p>\n<p>As\u00ed, han tenido que quedar fuera obras que ya forman parte de la historia de la literatura como el Gilgamesh, los cuentos de Sinuh\u00e9 en el antiguo Egipto, textos grecolatinos, divinas comedias, literatura catalana del Siglo de Oro, sonetos barrocos o apasionadas novelas europeas del XIX y XX. Y en lo que se refiere a creaciones del siglo XXI, se han descartado obras en otros idiomas y magn\u00edficas traducciones de literatura norteamericana actual como Franzen, Saunders, Palahniuk; din\u00e1micas novelas negras sicilianas, brit\u00e1nicas o n\u00f3rdicas; sensuales narraciones asi\u00e1ticas como las de Han Kang o, a modo de ejemplo, los \u00faltimos premios Nobel, Peter Handke, Olga Tokarczuk y Louise Gl\u00fcck.<\/p>\n<p>Cada a\u00f1o se publican m\u00e1s de diez mil libros en catal\u00e1n. El ritmo del sector editorial, a pesar de la sempiterna crisis (econ\u00f3mica, cultural, pol\u00edtica\u2026) es trepidante y no se detiene, y unido al que quien escribe nunca se cansa, seguro que ya podr\u00e1 encontrar novedades m\u00e1s recientes donde se plasmar\u00e1 de nuevo su talento; as\u00ed que no dude en acercarse a ellos y darles la oportunidad de leer la obra nueva, sabiendo que la anterior fue conocida, reputada o, seg\u00fan qu\u00e9 caso, incluso consagrada, y recogida en esta compilaci\u00f3n .<\/p>\n<p><strong>Biografia autora<\/strong><\/p>\n<p>Carme Pinyana Gar\u00ed (Almassora, 1961) es la editora de la Universidad Jaume I. Es miembro de la Comisi\u00f3n Asesora de la Unidad de Igualdad de la Universidad Jaume I y miembro electo del Claustro universitario. Ha sido presidenta del Colectivo Universidad Jaume I por la Lengua y la Cultura. Tiene varios art\u00edculos publicados sobre edici\u00f3n y literatura, as\u00ed como microrrelatos. Ha impartido cursos de alfabetizaci\u00f3n de funcionarios y, m\u00e1s tarde, de edici\u00f3n y ortotipograf\u00eda; y ha asistido a encuentros y ferias internacionales del libro como Guadalajara (M\u00e9xico), Frankfurt, Roma, Palermo, Alguer y Tur\u00edn, Bucarest, N\u00e1poles\u2026 Ha realizado estancias en otras universidades, como la Universidad de Berkeley y en la Universidad del Habana. Es patrona de la Fundaci\u00f3n por Libro y la lectura, en nombre de la Asociaci\u00f3n de Editores del Pa\u00eds Valenci\u00e0, y forma parte de la comisi\u00f3n de publicaciones de la Red Vives de Universidades, asociaciones donde participa activamente, as\u00ed como en la Uni\u00f3n de Editoriales Universitarias Espa\u00f1olas, entidad que ha otorgado varios premios de edici\u00f3n de \u00e1mbito estatal a la editorial universitaria de Castell\u00f3. Es miembro del Consejo Municipal de Cultura del Ayuntamiento de Castell\u00f3 desde 2016 y de comisiones internas, y ha formado parte como jurado de varios premios de literatura y arte, tanto de \u00e1mbito local, como auton\u00f3mico. En 2020 ha sido designada de nuevo para el nuevo cuatrienio.<\/p>\n<p>Es socia fundadora de la Asociaci\u00f3n de Mujeres Nacionalistas 'Terra' (ADONA'T) para quien ha organizado actividades como diversas ediciones de \u201ccreuallibres\u201d. Ha comisariado y editado los cat\u00e1logos de la totalidad de los proyectos expositivos de la asociaci\u00f3n: Dones d\u2019ofici, Dos dones i un repte, Llengua m\u00e0tria, L\u2019ull d\u2019ADONA\u2019T, Refer\u00e8ncies de dona, Dones al l\u00edmit. Resili\u00e8ncia i fortalesa, Compromeses, Mnem\u00f2sines. Artistes contra l\u2019oblit, Lite-rates. Mam\u00edferes de la cultura, En Minoria. Cr\u00f2niques d\u2019una desigualtat, Il\u00b7luminades. Il\u00b7lustrant la hist\u00f2ria de la misog\u00ednia i +Il\u00b7luminades.  Ilustrando la historia del feminismo. <\/p>\n<p>Asimismo forma parte del equipo del programa Literatas. Mam\u00edferas de la Cultura, de Radio ADONA'T dedicado a la promoci\u00f3n y difusi\u00f3n de literatura y m\u00fasica en lengua catalana hecha por mujeres, que se emite desde 2016 en VOX UJI R\u00c0DIO, en el 107.8 de la FM y en la web de VoxUJI R\u00e0dio .<\/p>\n<p><strong>Frase destacada del libro<\/strong><\/p>\n<p>Rese\u00f1ar y explicar lo que cuentan los dem\u00e1s es, en cierto modo, m\u00e1s que disipar la ignorancia \u2014como dec\u00eda Voltaire\u2014, compartir algo de la propia intimidad. Y t\u00fa lo haces desde el mismo t\u00edtulo que has puesto en el libro. No es ning\u00fan secreto que uno de tus placeres es la buena mesa y asociar la lectura a la digesti\u00f3n -quiero pensar que a la buena- ya la insaciabilidad hace pensar en el placer que conlleva para ti el acto de leer. Y es \u00e9ste el segundo agradecimiento, porque son los tuyos unos textos amables, claros, descriptivos, sint\u00e9ticos, sin artificio innecesario, sin impostura. <\/p>\n<p>\/\/ <\/p>\n<p>Para finalizar, no queda m\u00e1s que constatar que el ritmo del sector editorial, a pesar de la sempiterna crisis (econ\u00f3mica, cultural, pol\u00edtica\u2026) es trepidante y no se detiene, y unido al que quien escribe nunca se cansa, seguro que ya podr\u00e1 encontrar novedades m\u00e1s recientes en las que se plasmar\u00e1 de nuevo su talento; as\u00ed que no dude en acercarse a ellos y darles la oportunidad de leer la obra nueva, sabiendo que la anterior estuvo bien acogida puesto que fue conocida, reputada o, seg\u00fan qu\u00e9 caso, incluso consagrada.<\/p>\n<p><strong>Pr\u00f3logo: Maite Sim\u00f3n<br \/>\nEp\u00edlogo: Celia Puchol Saura<\/strong><\/p>","protected":false},"excerpt":{"rendered":"<p><iframe loading=\"lazy\" src=\"https:\/\/player.vimeo.com\/video\/695615258?h=e2c307ec7d&amp;badge=0&amp;autopause=0&amp;player_id=0&amp;app_id=58479\" width=\"500\" height=\"281\" frameborder=\"0\" allow=\"autoplay; fullscreen; picture-in-picture\" allowfullscreen title=\"22 02 24 Booktr&amp;agrave;iler Carme Pinyana\"><\/iframe><\/p>\n<p>Las compilaciones, frecuentes en la Edad Media, consist\u00edan en realizar \u00edndices de registros de autores o de repertorios bibliogr\u00e1ficos, como el caso de Bibliotheca o Miriabiblion de Foci (siglo IX), que se intitulaba en realidad: \u00abDescripci\u00f3n y enumeraci\u00f3n de los doscientos setenta y nueve libros le\u00eddos por nosotros, cuyo contenido ha querido conocer a nuestro querido hermano Tarasi\u00bb. Gracias a compilaciones como \u00e9sta se tiene noticias de obras desgraciadamente ahora desaparecidas. De lecturas y digestiones quiere ofrecer un peque\u00f1o compendio, valorativo y personal, que podr\u00eda servir de gu\u00eda para elegir libros y acercarse a la literatura que ahora se hace por nuestro territorio.<\/p>","protected":false},"featured_media":1068,"comment_status":"open","ping_status":"closed","template":"","meta":{"_kadence_starter_templates_imported_post":false,"_kad_post_transparent":"","_kad_post_title":"","_kad_post_layout":"","_kad_post_sidebar_id":"","_kad_post_content_style":"","_kad_post_vertical_padding":"","_kad_post_feature":"","_kad_post_feature_position":"","_kad_post_header":false,"_kad_post_footer":false},"product_cat":[25],"product_tag":[],"class_list":{"0":"post-1052","1":"product","2":"type-product","3":"status-publish","4":"has-post-thumbnail","6":"product_cat-scito-edicions","8":"first","9":"instock","10":"taxable","11":"shipping-taxable","12":"purchasable","13":"product-type-simple","14":"entry","15":"content-bg","16":"loop-entry"},"_links":{"self":[{"href":"https:\/\/scitoedicions.org\/es\/wp-json\/wp\/v2\/product\/1052","targetHints":{"allow":["GET"]}}],"collection":[{"href":"https:\/\/scitoedicions.org\/es\/wp-json\/wp\/v2\/product"}],"about":[{"href":"https:\/\/scitoedicions.org\/es\/wp-json\/wp\/v2\/types\/product"}],"replies":[{"embeddable":true,"href":"https:\/\/scitoedicions.org\/es\/wp-json\/wp\/v2\/comments?post=1052"}],"wp:featuredmedia":[{"embeddable":true,"href":"https:\/\/scitoedicions.org\/es\/wp-json\/wp\/v2\/media\/1068"}],"wp:attachment":[{"href":"https:\/\/scitoedicions.org\/es\/wp-json\/wp\/v2\/media?parent=1052"}],"wp:term":[{"taxonomy":"product_cat","embeddable":true,"href":"https:\/\/scitoedicions.org\/es\/wp-json\/wp\/v2\/product_cat?post=1052"},{"taxonomy":"product_tag","embeddable":true,"href":"https:\/\/scitoedicions.org\/es\/wp-json\/wp\/v2\/product_tag?post=1052"}],"curies":[{"name":"wp","href":"https:\/\/api.w.org\/{rel}","templated":true}]}}