{"id":1053,"date":"2024-05-23T09:16:09","date_gmt":"2024-05-23T07:16:09","guid":{"rendered":"https:\/\/scitoedicions.org?post_type=product&#038;p=1053"},"modified":"2024-05-23T09:16:27","modified_gmt":"2024-05-23T07:16:27","slug":"2dd20-dos-daus-de-vint","status":"publish","type":"product","link":"https:\/\/scitoedicions.org\/es\/product\/2dd20-dos-daus-de-vint\/","title":{"rendered":"2dd20 \u2013 Dos daus de vint"},"content":{"rendered":"<p><strong>Sinopsis<\/strong><\/p>\n<p>Marcel se ve obligado a afrontar el \u00faltimo tramo de su vida aferr\u00e1ndose a las ilusiones de su nieto, Valeri. Con \u00e9l descubrir\u00e1 la pasi\u00f3n por los c\u00f3digos secretos, el fen\u00f3meno hackeado y el mundo de la fantas\u00eda y los juegos de rol.<\/p>\n<p>El reinicio de una persona sufrida que quiere aprender de nuevo a disfrutar, que romper\u00e1 con todo y se aventurar\u00e1 en un viaje err\u00e1tico a trav\u00e9s del recuerdo de unas partidas de rol protagonizadas por los Visir, un grupo de amigos en un peque\u00f1o pueblo rural, donde parece que nunca ocurra nada\u2026<\/p>\n<p>Dos dados de veinte caras determinar\u00e1n el destino de jugadores y personajes. Un enigma que ha permanecido oculto durante mucho tiempo. Un tir\u00f3n que podr\u00eda condicionar el mundo tal y como lo conocemos.<\/p>\n<p><strong>Biograf\u00eda del autor<\/strong><\/p>\n<p>Josep Masanas i Camps (Cam\u00f3s, 1977), vive en Banyoles, es ingeniero inform\u00e1tico y trabaja como profesor de ciclos formativos en el Instituto Bosque de la Coma de Olot.<\/p>\n<p>En 2016 gan\u00f3 el concurso de relatos Inspirados por el Museo Darder, para conmemorar los cien a\u00f1os del museo de Banyoles. El relato ganador, \u201cEl m\u00e9todo cient\u00edfico\u201d, tambi\u00e9n fue publicado por la revista Freakcions #3 editado por el Biblionauta en 2017.<\/p>\n<p>Un viaje a La Palma origin\u00f3 la novela corta Roderes de Cometa (2017, Fantraginers).<\/p>\n<p>Sus relatos se pueden encontrar publicados en Lektu y en la revista digital Descriu.org de la Fundaci\u00f3n Scito. Dos de los cuales han sido seleccionados y se forman parte de los libros Ucron\u00edas y Los viajes singulares (ambos publicados en 2019 por Scito Edicions).<\/p>\n<p>En la \u00faltima edici\u00f3n del concurso de Relats en Catal\u00e0 fue finalista en la modalidad de ciencia ficci\u00f3n con el microrrelato \u201cAutoconsci\u00e8ncia\u201d, publicado en la recopilaci\u00f3n G\u00e9neros Narrativos: XI Concurso ARC de Microrelats (2021, Asociaci\u00f3n de Relataires en Catal\u00e0).<\/p>\n<p>En 2021 gan\u00f3 el Concurso de Relatos de Astronom\u00eda - Memorial Ramon Rubio de la Agrupaci\u00f3n Astron\u00f3mica de Barcelona (Aster) con el relato \"La primera fotograf\u00eda\".<\/p>\n<p>2dd20: Dos dados de veinte es la primera novela que el autor publica en papel.<\/p>","protected":false},"excerpt":{"rendered":"<p><iframe loading=\"lazy\" src=\"https:\/\/player.vimeo.com\/video\/691309472?h=e326cf5bdb&amp;title=0&amp;byline=0&amp;portrait=0&amp;speed=0&amp;badge=0&amp;autopause=0&amp;player_id=0&amp;app_id=58479\" width=\"500\" height=\"281\" frameborder=\"0\" allow=\"autoplay; fullscreen; picture-in-picture\" allowfullscreen title=\"Booktrailer2dd20\"><\/iframe><\/p>\n<p>Marcel se ve obligado a afrontar el \u00faltimo tramo de su vida aferr\u00e1ndose a las ilusiones de su nieto, Valeri. Con \u00e9l descubrir\u00e1 la pasi\u00f3n por los c\u00f3digos secretos, el fen\u00f3meno hackeado y el mundo de la fantas\u00eda y los juegos de rol.<\/p>","protected":false},"featured_media":1069,"comment_status":"open","ping_status":"closed","template":"","meta":{"_kadence_starter_templates_imported_post":false,"_kad_post_transparent":"","_kad_post_title":"","_kad_post_layout":"","_kad_post_sidebar_id":"","_kad_post_content_style":"","_kad_post_vertical_padding":"","_kad_post_feature":"","_kad_post_feature_position":"","_kad_post_header":false,"_kad_post_footer":false},"product_cat":[25],"product_tag":[],"class_list":{"0":"post-1053","1":"product","2":"type-product","3":"status-publish","4":"has-post-thumbnail","6":"product_cat-scito-edicions","8":"first","9":"instock","10":"taxable","11":"shipping-taxable","12":"purchasable","13":"product-type-simple","14":"entry","15":"content-bg","16":"loop-entry"},"_links":{"self":[{"href":"https:\/\/scitoedicions.org\/es\/wp-json\/wp\/v2\/product\/1053","targetHints":{"allow":["GET"]}}],"collection":[{"href":"https:\/\/scitoedicions.org\/es\/wp-json\/wp\/v2\/product"}],"about":[{"href":"https:\/\/scitoedicions.org\/es\/wp-json\/wp\/v2\/types\/product"}],"replies":[{"embeddable":true,"href":"https:\/\/scitoedicions.org\/es\/wp-json\/wp\/v2\/comments?post=1053"}],"wp:featuredmedia":[{"embeddable":true,"href":"https:\/\/scitoedicions.org\/es\/wp-json\/wp\/v2\/media\/1069"}],"wp:attachment":[{"href":"https:\/\/scitoedicions.org\/es\/wp-json\/wp\/v2\/media?parent=1053"}],"wp:term":[{"taxonomy":"product_cat","embeddable":true,"href":"https:\/\/scitoedicions.org\/es\/wp-json\/wp\/v2\/product_cat?post=1053"},{"taxonomy":"product_tag","embeddable":true,"href":"https:\/\/scitoedicions.org\/es\/wp-json\/wp\/v2\/product_tag?post=1053"}],"curies":[{"name":"wp","href":"https:\/\/api.w.org\/{rel}","templated":true}]}}