{"id":1054,"date":"2024-05-23T09:16:09","date_gmt":"2024-05-23T07:16:09","guid":{"rendered":"https:\/\/scitoedicions.org?post_type=product&#038;p=1054"},"modified":"2024-07-29T14:10:55","modified_gmt":"2024-07-29T12:10:55","slug":"mes-enlla-de-nostraciutat","status":"publish","type":"product","link":"https:\/\/scitoedicions.org\/es\/product\/mes-enlla-de-nostraciutat\/","title":{"rendered":"M\u00e9s enll\u00e0 de Nostraciutat"},"content":{"rendered":"<h4><strong><em>Biografia autora<\/em><\/strong><\/h4>\n<p><strong>Lourdes Bo\u00efgues<\/strong> naci\u00f3 en 1968 en Simat de la Valldigna (La Safor, Valencia). Es Licenciada en Derecho por la Universidad de Valencia y trabaja de T\u00e9cnica administrativa de la Generalitat Valenciana. Desde peque\u00f1a se aficion\u00f3 a la lectura y la escritura. La gran mayor\u00eda de sus obras pertenecen al g\u00e9nero de narrativa infantil y juvenil, del que es una apasionada defensora. Sin embargo, tambi\u00e9n se ha estrenado en la narrativa para adultos. Reconoce que es una lectora compulsiva y escribe por un exceso de imaginaci\u00f3n. Ha ganado 7 premios, entre ellos Enric Valor del Ayuntamiento de Picanya (2 veces), Vicent Silvestre o Ciudad de Badalona. Tambi\u00e9n ha colaborado en revistas, libros de fiestas, libritos de fallas y recopilaciones de relatos. A la hora de escribir intenta enganchar al p\u00fablico con obras frescas y \u00e1giles. Le gusta el contacto con los lectores y las lectoras, por ello ha actuado de cuentacuentos y hace animaciones en centros educativos.<\/p>\n<p>&nbsp;<\/p>","protected":false},"excerpt":{"rendered":"<p>\u00bfTe gustar\u00eda vivir en un mundo ideal? Aurora vive en un lugar perfecto, donde nunca hace fr\u00edo ni calor, hay comida y agua en abundancia, las calles est\u00e1n limpias, etc. No hay problemas en Nuestra ciudad\u2026 ni tampoco diversi\u00f3n ni emoci\u00f3n. Todo el mundo es feliz, la vida de la gente resulta maravillosa porque Les Justes la controlan hasta el m\u00ednimo detalle. Pero Aurora echa de menos las excursiones, los aviones, las mascotas y otras muchas cosas que ha visto en los libros de la biblioteca. Sin embargo, no puede decirlo porque la suspender\u00edan en la escuela y la declarar\u00edan antisocial.<\/p>\n<p>Un d\u00eda la madre de Aurora no vuelve del trabajo y comienzan los problemas. \u00bfD\u00f3nde se ha metido? \u00bfPor qu\u00e9 su hermana Greta la echa de casa en plena noche? Aurora destapa una nueva ciudad, poblada de gente extra\u00f1a y con aut\u00e9nticos peligros. Junto a un grupo de antisociales, perseguida por quien cre\u00eda que eran sus benefactores, recorre las largas avenidas en busca de su madre y del secreto que esconde.<\/p>\n<p>Por fin, vivir\u00e1 las aventuras que ansiaba, aunque nunca imaginaba que ser\u00edan tan amenazadoras. De esta forma, Aurora constata que nada es lo que parece y descubre un nuevo horizonte lleno de sorpresas y promesas. \u00bfTe atreves a acompa\u00f1arla m\u00e1s all\u00e1 del l\u00edmite?<\/p>","protected":false},"featured_media":1070,"comment_status":"open","ping_status":"closed","template":"","meta":{"_kadence_starter_templates_imported_post":false,"_kad_post_transparent":"default","_kad_post_title":"","_kad_post_layout":"default","_kad_post_sidebar_id":"","_kad_post_content_style":"default","_kad_post_vertical_padding":"default","_kad_post_feature":"","_kad_post_feature_position":"","_kad_post_header":false,"_kad_post_footer":false},"product_cat":[26,22,25],"product_tag":[],"class_list":{"0":"post-1054","1":"product","2":"type-product","3":"status-publish","4":"has-post-thumbnail","6":"product_cat-infantil","7":"product_cat-narrativa","8":"product_cat-scito-edicions","10":"first","11":"instock","12":"taxable","13":"shipping-taxable","14":"purchasable","15":"product-type-simple","16":"entry","17":"content-bg","18":"loop-entry"},"_links":{"self":[{"href":"https:\/\/scitoedicions.org\/es\/wp-json\/wp\/v2\/product\/1054","targetHints":{"allow":["GET"]}}],"collection":[{"href":"https:\/\/scitoedicions.org\/es\/wp-json\/wp\/v2\/product"}],"about":[{"href":"https:\/\/scitoedicions.org\/es\/wp-json\/wp\/v2\/types\/product"}],"replies":[{"embeddable":true,"href":"https:\/\/scitoedicions.org\/es\/wp-json\/wp\/v2\/comments?post=1054"}],"wp:featuredmedia":[{"embeddable":true,"href":"https:\/\/scitoedicions.org\/es\/wp-json\/wp\/v2\/media\/1070"}],"wp:attachment":[{"href":"https:\/\/scitoedicions.org\/es\/wp-json\/wp\/v2\/media?parent=1054"}],"wp:term":[{"taxonomy":"product_cat","embeddable":true,"href":"https:\/\/scitoedicions.org\/es\/wp-json\/wp\/v2\/product_cat?post=1054"},{"taxonomy":"product_tag","embeddable":true,"href":"https:\/\/scitoedicions.org\/es\/wp-json\/wp\/v2\/product_tag?post=1054"}],"curies":[{"name":"wp","href":"https:\/\/api.w.org\/{rel}","templated":true}]}}