{"id":1055,"date":"2024-05-23T09:16:09","date_gmt":"2024-05-23T07:16:09","guid":{"rendered":"https:\/\/scitoedicions.org?post_type=product&#038;p=1055"},"modified":"2026-02-03T14:00:22","modified_gmt":"2026-02-03T12:00:22","slug":"la-tira-de-pegatines","status":"publish","type":"product","link":"https:\/\/scitoedicions.org\/es\/product\/la-tira-de-pegatines\/","title":{"rendered":"La Tira de Pegatines &#8211; Vol.I"},"content":{"rendered":"<p><strong>Sinopsis<\/strong><br \/>\nColeccionistas algo ha habido en la historia y sigue habiendo. En cuanto a la cantidad de pegatinas, quien tiene el r\u00e9cord en el libro Guinness es Vicente Clemente de Madrid con m\u00e1s de 150.000.<\/p>\n<p>Esta colecci\u00f3n de pegatinas de la Transici\u00f3n espa\u00f1ola la componen un total de 1.599 pegatinas. En el volumen del Pa\u00eds Valenciano, libro que tiene en sus manos, hay 462. Estas pegatinas se muestran junto con otro material hist\u00f3rico (12 calendarios, 5 postales y 37 recuerdos). La colecci\u00f3n original se conserva guardada en tres \u00e1lbumes con hojas autoadhesivas de perfecta consistencia para su preservaci\u00f3n y durabilidad.<\/p>\n<p>Os invito a recorrer la colecci\u00f3n de pegatinas que, adem\u00e1s de traerles recuerdos, har\u00e1 que entienda que, lamentablemente, algunas pegatinas tienen un mensaje reivindicativo que en la actualidad sigue vigente. Y, para aquellos que no vivisteis aquella etapa de la historia de los valencianos y valencianas, les invito a realizar este viaje en el que conocer\u00e9is lo que cost\u00f3 conquistar un sistema de libertades del que la libertad de expresi\u00f3n fue y es la protagonista.<\/p>\n<p><strong><br \/>\nBiograf\u00eda<\/strong><br \/>\nFerran Albert Bellver (Valencia, 1956). Diplomado en Ciencias Empresariales y miembro The Institute of Internal Auditors, en una primera etapa ejerci\u00f3 su trabajo en la empresa privada y despu\u00e9s desarroll\u00f3 la actividad de dise\u00f1ador gr\u00e1fico, web y multimedia.<br \/>\nCurs\u00f3 tambi\u00e9n estudios de valenciano en la EOI-Escuela Oficial de Idiomas de Valencia hasta el nivel superior (1983-1987), obtuvo el grado Superior de valenciano por la Conselleria de Cultura, Educaci\u00f3n y Ciencia de la Generalitat Valenciana en el a\u00f1o 1986 y el nivel Superior de Ling\u00fc\u00edstica valenciana y su did\u00e1ctica por la Universidad de Valencia (Instituto de Ciencias de la Educaci\u00f3n) en 1980. Ha participado entre otros como profesor en las campa\u00f1as de valenciano promovidas por el Centro Carlos Salvador de Valencia.<\/p>","protected":false},"excerpt":{"rendered":"[embed]\n<p>https:\/\/www.youtube.com\/watch?v=FXvvRFugiDg<\/p>\n[embed]\n<p>Coleccionistas algo ha habido en la historia y sigue habiendo. En cuanto a la cantidad de pegatinas, quien tiene el r\u00e9cord en el libro Guinness es Vicente Clemente de Madrid con m\u00e1s de 150.000.<\/p>\n<p>Esta colecci\u00f3n de pegatinas de la Transici\u00f3n espa\u00f1ola la componen un total de 1.599 pegatinas. En el volumen del Pa\u00eds Valenciano, libro que tiene en sus manos, hay 462. Estas pegatinas se muestran junto con otro material hist\u00f3rico (12 calendarios, 5 postales y 37 recuerdos). La colecci\u00f3n original se conserva guardada en tres \u00e1lbumes con hojas autoadhesivas de perfecta consistencia para su preservaci\u00f3n y durabilidad.<\/p>","protected":false},"featured_media":1071,"comment_status":"closed","ping_status":"closed","template":"","meta":{"_kadence_starter_templates_imported_post":false,"_kad_post_transparent":"default","_kad_post_title":"","_kad_post_layout":"default","_kad_post_sidebar_id":"","_kad_post_content_style":"default","_kad_post_vertical_padding":"default","_kad_post_feature":"","_kad_post_feature_position":"","_kad_post_header":false,"_kad_post_footer":false},"product_cat":[27,25],"product_tag":[28,29,30],"class_list":{"0":"post-1055","1":"product","2":"type-product","3":"status-publish","4":"has-post-thumbnail","6":"product_cat-historia","7":"product_cat-scito-edicions","8":"product_tag-cultura","9":"product_tag-historia-local","10":"product_tag-investigacio","12":"first","13":"instock","14":"taxable","15":"shipping-taxable","16":"purchasable","17":"product-type-simple","18":"entry","19":"content-bg","20":"loop-entry"},"_links":{"self":[{"href":"https:\/\/scitoedicions.org\/es\/wp-json\/wp\/v2\/product\/1055","targetHints":{"allow":["GET"]}}],"collection":[{"href":"https:\/\/scitoedicions.org\/es\/wp-json\/wp\/v2\/product"}],"about":[{"href":"https:\/\/scitoedicions.org\/es\/wp-json\/wp\/v2\/types\/product"}],"replies":[{"embeddable":true,"href":"https:\/\/scitoedicions.org\/es\/wp-json\/wp\/v2\/comments?post=1055"}],"wp:featuredmedia":[{"embeddable":true,"href":"https:\/\/scitoedicions.org\/es\/wp-json\/wp\/v2\/media\/1071"}],"wp:attachment":[{"href":"https:\/\/scitoedicions.org\/es\/wp-json\/wp\/v2\/media?parent=1055"}],"wp:term":[{"taxonomy":"product_cat","embeddable":true,"href":"https:\/\/scitoedicions.org\/es\/wp-json\/wp\/v2\/product_cat?post=1055"},{"taxonomy":"product_tag","embeddable":true,"href":"https:\/\/scitoedicions.org\/es\/wp-json\/wp\/v2\/product_tag?post=1055"}],"curies":[{"name":"wp","href":"https:\/\/api.w.org\/{rel}","templated":true}]}}