{"id":206806,"date":"2025-03-24T11:44:44","date_gmt":"2025-03-24T09:44:44","guid":{"rendered":"https:\/\/scitoedicions.org\/?post_type=product&#038;p=206806"},"modified":"2025-06-04T09:37:06","modified_gmt":"2025-06-04T07:37:06","slug":"eukarya","status":"publish","type":"product","link":"https:\/\/scitoedicions.org\/es\/product\/eukarya\/","title":{"rendered":"Eukarya"},"content":{"rendered":"<div style=\"display: flex; justify-content: space-between; align-items: baseline; margin-bottom: 25px;\"><strong>Sinopsis<\/strong><br \/>\n<span style=\"color: red; font-size: 10px; border: 1px solid red; border-radius: 5px; padding: 2px 4px;\"><strong>\u00a0EDICI\u00d3 EN CASTELL\u00c0\u00a0<\/strong><br \/>\n<\/span><\/div>\n<p class=\"p1\"><span class=\"s1\">Venus, el gemelo perverso de la Tierra. Con una atm\u00f3sfera casi cien veces m\u00e1s densa que la de nuestro planeta y una temperatura superficial de m\u00e1s de cuatrocientos grados, es un verdadero infierno, un lugar inhabitable. Y un escondite perfecto.<\/span><\/p>\n<p class=\"p1\"><span class=\"s1\">En el a\u00f1o 1994 John Warren, capit\u00e1n del ej\u00e9rcito de los Estados Unidos, es llamado a una reuni\u00f3n con sus superiores, quienes le muestran una foto que cambiar\u00e1 su vida para siempre. Se trata de una imagen imposible, que desaf\u00eda todo cuanto conoce o cre\u00eda conocer.<\/span><\/p>\n<p class=\"p1\"><span class=\"s1\">Casi un cuarto de siglo m\u00e1s tarde, en el a\u00f1o 2018, tres hermanos hu\u00e9rfanos est\u00e1n a punto de cumplir la mayor\u00eda de edad cuando el director del centro de acogida donde residen les revela un secreto que los llevar\u00e1 a vivir una aventura que jam\u00e1s hubieran podido so\u00f1ar.<\/span><\/p>\n<p class=\"p1\"><span class=\"s1\">Eukarya nos cuenta c\u00f3mo estas dos historias, separadas por el tiempo y el espacio, convergen para revelarnos un mundo apasionante en el coraz\u00f3n de Venus, el planeta m\u00e1s inh\u00f3spito del sistema solar. Un sitio donde el plomo se derrite en la superficie, pero que, sin embargo, alberga la respuesta al misterioso origen de la vida en la Tierra.<\/span><\/p>\n<p><strong>Biograf\u00eda<\/strong><\/p>\n<p class=\"p1\"><span class=\"s1\">Dani Torrent Mart\u00ed (Castell\u00f3n, 1979) es doctor en f\u00edsica y profesor titular de la Universitat Jaume I (Castell\u00f3n). Tiene una larga trayectoria como investigador en ciencia de materiales, con unas cien publicaciones cient\u00edficas y un gran reconocimiento internacional. Adem\u00e1s, ha realizado estancias en universidades de Estados Unidos, Francia y China. Su experiencia como cient\u00edfico, su amor por la lectura y su afici\u00f3n a la astronom\u00eda le han llevado a escribir Eukarya, su primera novela de ciencia ficci\u00f3n. <em data-start=\"463\" data-end=\"472\">Eukarya<\/em>, la seva primera novel\u00b7la de ci\u00e8ncia-ficci\u00f3.<\/span><\/p>","protected":false},"excerpt":{"rendered":"<div style=\"display: flex; align-items: baseline; margin-bottom: 25px;\"><span style=\"color: red; font-size: 10px; border: 1px solid red; border-radius: 5px; padding: 2px 4px;\"><strong>\u00a0EDICI\u00d3 EN CASTELL\u00c0\u00a0<\/strong><br \/>\n<\/span><\/div>\n<p>Venus, el gemelo perverso de la Tierra. Con una atm\u00f3sfera casi cien veces m\u00e1s densa que la de nuestro planeta y una temperatura superficial de m\u00e1s de cuatrocientos grados, es un verdadero infierno, un lugar inhabitable. Y un escondite perfecto.<\/p>\n<p>En el a\u00f1o 1994 John Warren, capit\u00e1n del ej\u00e9rcito de los Estados Unidos, es llamado a una reuni\u00f3n con sus superiores, quienes le muestran una foto que cambiar\u00e1 su vida para siempre. Se trata de una imagen imposible, que desaf\u00eda todo cuanto conoce o cre\u00eda conocer.<\/p>\n<p>Casi un cuarto de siglo m\u00e1s tarde, en el a\u00f1o 2018, tres hermanos hu\u00e9rfanos est\u00e1n a punto de cumplir la mayor\u00eda de edad cuando el director del centro de acogida donde residen les revela un secreto que los llevar\u00e1 a vivir una aventura que jam\u00e1s hubieran podido so\u00f1ar.<\/p>\n<p>Eukarya nos cuenta c\u00f3mo estas dos historias, separadas por el tiempo y el espacio, convergen para revelarnos un mundo apasionante en el coraz\u00f3n de Venus, el planeta m\u00e1s inh\u00f3spito del sistema solar. Un sitio donde el plomo se derrite en la superficie, pero que, sin embargo, alberga la respuesta al misterioso origen de la vida en la Tierra.<\/p>","protected":false},"featured_media":206807,"comment_status":"closed","ping_status":"closed","template":"","meta":{"_kadence_starter_templates_imported_post":false,"_kad_post_transparent":"default","_kad_post_title":"","_kad_post_layout":"default","_kad_post_sidebar_id":"","_kad_post_content_style":"default","_kad_post_vertical_padding":"default","_kad_post_feature":"","_kad_post_feature_position":"","_kad_post_header":false,"_kad_post_footer":false},"product_cat":[22,25],"product_tag":[28,29,30],"class_list":{"0":"post-206806","1":"product","2":"type-product","3":"status-publish","4":"has-post-thumbnail","6":"product_cat-narrativa","7":"product_cat-scito-edicions","8":"product_tag-cultura","9":"product_tag-historia-local","10":"product_tag-investigacio","12":"first","13":"instock","14":"taxable","15":"shipping-taxable","16":"purchasable","17":"product-type-simple","18":"entry","19":"content-bg","20":"loop-entry"},"_links":{"self":[{"href":"https:\/\/scitoedicions.org\/es\/wp-json\/wp\/v2\/product\/206806","targetHints":{"allow":["GET"]}}],"collection":[{"href":"https:\/\/scitoedicions.org\/es\/wp-json\/wp\/v2\/product"}],"about":[{"href":"https:\/\/scitoedicions.org\/es\/wp-json\/wp\/v2\/types\/product"}],"replies":[{"embeddable":true,"href":"https:\/\/scitoedicions.org\/es\/wp-json\/wp\/v2\/comments?post=206806"}],"wp:featuredmedia":[{"embeddable":true,"href":"https:\/\/scitoedicions.org\/es\/wp-json\/wp\/v2\/media\/206807"}],"wp:attachment":[{"href":"https:\/\/scitoedicions.org\/es\/wp-json\/wp\/v2\/media?parent=206806"}],"wp:term":[{"taxonomy":"product_cat","embeddable":true,"href":"https:\/\/scitoedicions.org\/es\/wp-json\/wp\/v2\/product_cat?post=206806"},{"taxonomy":"product_tag","embeddable":true,"href":"https:\/\/scitoedicions.org\/es\/wp-json\/wp\/v2\/product_tag?post=206806"}],"curies":[{"name":"wp","href":"https:\/\/api.w.org\/{rel}","templated":true}]}}