{"id":206937,"date":"2026-02-03T13:00:42","date_gmt":"2026-02-03T11:00:42","guid":{"rendered":"https:\/\/scitoedicions.org\/?post_type=product&#038;p=206937"},"modified":"2026-02-03T14:30:15","modified_gmt":"2026-02-03T12:30:15","slug":"la-tira-de-pegatines-2","status":"publish","type":"product","link":"https:\/\/scitoedicions.org\/es\/product\/la-tira-de-pegatines-2\/","title":{"rendered":"La Tira de Pegatines &#8211; Vol.II"},"content":{"rendered":"<div style=\"display: flex; justify-content: space-between; align-items: baseline; margin-bottom: 25px;\"><strong>Sinopsis<\/strong><\/div>\n<div style=\"display: flex; justify-content: space-between; align-items: baseline; margin-bottom: 25px;\"><strong><br \/>\n<\/strong>Col\u00b7leccionistes d\u2019alguna cosa n\u2019hi ha hagut al llarg de la hist\u00f2ria i encara que n\u2019hi ha. Segons els experts, el primer col\u00b7leccionista del qual es t\u00e9 not\u00edcia \u00e9s el rei assiri Assurbanipal, que, despr\u00e9s de conquistar Egipte l\u2019any 666 abans de Crist, va traslladar a N\u00ednive, capital del seu imperi, dos obeliscos i 32 est\u00e0tues.<\/div>\n<p>Pel que fa a la quantitat de pegatines, qui t\u00e9 el r\u00e8cord en el llibre Guinness \u00e9s Vicente Climent de Madrid amb m\u00e9s de 150.000 exemplars.<\/p>\n<p>Aquesta col\u00b7lecci\u00f3 de pegatines de la Transici\u00f3 espanyola del per\u00edode compr\u00e9s entre 1975 i 1982, est\u00e1 formada per vora 1.600 pegatines. En el volum Pa\u00eds Valenci\u00e0, publicat en 2024, del llibre <em>La Tira de Pegatines <\/em>es van mostrar les de la Transici\u00f3 valenciana d\u2019aquest per\u00edode.<\/p>\n<p>Ara, en aquest volum, denominat Espanya-CA (comunitats aut\u00f2nomes), que teniu a les mans, s\u2019inclouen m\u00e9s de 1.200 pegatines referides a Espanya i hi trobareu, a m\u00e9s de les gen\u00e8riques de l\u2019Estat espanyol classificades per tem\u00e0tiques -ecologia i pacifisme, nuclears i OTAN, partits pol\u00edtics, sindicats i socioculturals-, altres espec\u00edfiques de les comunitats aut\u00f2nomes. Aquestes pegatines es presenten juntament amb altres materials hist\u00f2rics com ara calendaris, postals i records.<\/p>\n<p><strong>Biograf\u00eda<\/strong><\/p>\n<p>Ferran Albert Bellver (Val\u00e8ncia, 1956) es diplomat en Ci\u00e8ncies Empresarials i membre The Institute of Internal Auditors, en una primera etapa va exercir el seu treball en l\u2019empresa privada i despr\u00e9s va desenvolupar l\u2019activitat de dissenyador gr\u00e0fic, web i multim\u00e8dia.<\/p>\n<p>Va cursar tamb\u00e9 estudis de valenci\u00e0 en la EOI-Escola Oficial d\u2019Idiomes de Val\u00e8ncia fins al nivell superior (1983-1987), va obtindre el grau Superior de valenci\u00e0 per la Conselleria de Cultura, Educaci\u00f3 i Ci\u00e8ncia de la Generalitat Valenciana l\u2019any 1986 i el nivell Superior de Ling\u00fc\u00edstica valenciana i la seua did\u00e0ctica per la Universitat de Val\u00e8ncia (Institut de Ci\u00e8ncies de l\u2019Educaci\u00f3) en 1980. Ha participat entre d\u2019altres com a profesor en les campanyes de valenci\u00e0 promogudes pel Centre Carles Salvador de Val\u00e8ncia.<\/p>","protected":false},"excerpt":{"rendered":"<p>Aquesta col\u00b7lecci\u00f3 de pegatines de la Transici\u00f3 espanyola del per\u00edode compr\u00e9s entre 1975 i 1982, est\u00e1 formada per vora 1.600 pegatines. En el volum Pa\u00eds Valenci\u00e0, publicat en 2024, del llibre <em>La Tira de Pegatines <\/em>es van mostrar les de la Transici\u00f3 valenciana d\u2019aquest per\u00edode.<\/p>\n<p>Ara, en aquest volum, denominat Espanya-CA (comunitats aut\u00f2nomes), que teniu a les mans, s\u2019inclouen m\u00e9s de 1.200 pegatines referides a Espanya i hi trobareu, a m\u00e9s de les gen\u00e8riques de l\u2019Estat espanyol classificades per tem\u00e0tiques -ecologia i pacifisme, nuclears i OTAN, partits pol\u00edtics, sindicats i socioculturals-, altres espec\u00edfiques de les comunitats aut\u00f2nomes. Aquestes pegatines es presenten juntament amb altres materials hist\u00f2rics com ara calendaris, postals i records.<\/p>","protected":false},"featured_media":206938,"comment_status":"closed","ping_status":"closed","template":"","meta":{"_kadence_starter_templates_imported_post":false,"_kad_post_transparent":"default","_kad_post_title":"","_kad_post_layout":"default","_kad_post_sidebar_id":"","_kad_post_content_style":"default","_kad_post_vertical_padding":"default","_kad_post_feature":"","_kad_post_feature_position":"","_kad_post_header":false,"_kad_post_footer":false},"product_cat":[27,25],"product_tag":[28,29],"class_list":{"0":"post-206937","1":"product","2":"type-product","3":"status-publish","4":"has-post-thumbnail","6":"product_cat-historia","7":"product_cat-scito-edicions","8":"product_tag-cultura","9":"product_tag-historia-local","11":"first","12":"instock","13":"featured","14":"taxable","15":"shipping-taxable","16":"purchasable","17":"product-type-simple","18":"entry","19":"content-bg","20":"loop-entry"},"_links":{"self":[{"href":"https:\/\/scitoedicions.org\/es\/wp-json\/wp\/v2\/product\/206937","targetHints":{"allow":["GET"]}}],"collection":[{"href":"https:\/\/scitoedicions.org\/es\/wp-json\/wp\/v2\/product"}],"about":[{"href":"https:\/\/scitoedicions.org\/es\/wp-json\/wp\/v2\/types\/product"}],"replies":[{"embeddable":true,"href":"https:\/\/scitoedicions.org\/es\/wp-json\/wp\/v2\/comments?post=206937"}],"wp:featuredmedia":[{"embeddable":true,"href":"https:\/\/scitoedicions.org\/es\/wp-json\/wp\/v2\/media\/206938"}],"wp:attachment":[{"href":"https:\/\/scitoedicions.org\/es\/wp-json\/wp\/v2\/media?parent=206937"}],"wp:term":[{"taxonomy":"product_cat","embeddable":true,"href":"https:\/\/scitoedicions.org\/es\/wp-json\/wp\/v2\/product_cat?post=206937"},{"taxonomy":"product_tag","embeddable":true,"href":"https:\/\/scitoedicions.org\/es\/wp-json\/wp\/v2\/product_tag?post=206937"}],"curies":[{"name":"wp","href":"https:\/\/api.w.org\/{rel}","templated":true}]}}