{"id":206961,"date":"2026-04-17T11:10:48","date_gmt":"2026-04-17T09:10:48","guid":{"rendered":"https:\/\/scitoedicions.org\/?post_type=product&#038;p=206961"},"modified":"2026-04-17T12:42:13","modified_gmt":"2026-04-17T10:42:13","slug":"la-maquina-dels-immortals","status":"publish","type":"product","link":"https:\/\/scitoedicions.org\/es\/product\/la-maquina-dels-immortals\/","title":{"rendered":"La M\u00e0quina dels Immortals"},"content":{"rendered":"<p><span data-contrast=\"auto\"><strong><span class=\"TextRun MacChromeBold SCXW195105259 BCX0\" lang=\"CA-ES\" xml:lang=\"CA-ES\" data-contrast=\"auto\"><span class=\"NormalTextRun SCXW195105259 BCX0\" data-ccp-parastyle=\"heading 2\">Sinopsis<\/span><\/span><\/strong><span class=\"EOP SCXW195105259 BCX0\" data-ccp-props=\"{&quot;134245417&quot;:false,&quot;134245418&quot;:true,&quot;201341983&quot;:1,&quot;335551550&quot;:6,&quot;335551620&quot;:6,&quot;335559731&quot;:1,&quot;335559737&quot;:-28,&quot;335559740&quot;:320}\">\u00a0<\/span><\/span><\/p>\n<p><span data-contrast=\"auto\">Una novel\u00b7la lluminosa situada en la cru\u00eflla entre la ci\u00e8ncia i l\u2019esperit.<\/span><span data-ccp-props=\"{&quot;134245417&quot;:false,&quot;201341983&quot;:1,&quot;335551550&quot;:6,&quot;335551620&quot;:6,&quot;335559731&quot;:278,&quot;335559737&quot;:-28,&quot;335559740&quot;:320}\">\u00a0<\/span><\/p>\n<p><span data-contrast=\"auto\">Quan el f\u00edsic Kim\u00a0Bolufer\u00a0descobreix uns patrons capa\u00e7os de q\u00fcestionar la nostra comprensi\u00f3 de l\u2019univers, inicia un viatge que va m\u00e9s enll\u00e0 de les equacions i dels l\u00edmits del pensament racional. Des del Mediterrani fins a un m\u00f3n nou sorgit de la consci\u00e8ncia col\u00b7lectiva, La M\u00e0quina dels Immortals explora el risc, la bellesa i la meravella del despertar hum\u00e0.<\/span><span data-ccp-props=\"{&quot;134245417&quot;:false,&quot;201341983&quot;:1,&quot;335551550&quot;:6,&quot;335551620&quot;:6,&quot;335559731&quot;:278,&quot;335559737&quot;:-28,&quot;335559740&quot;:320}\">\u00a0<\/span><\/p>\n<p><span data-contrast=\"auto\">Atrapat entre el coneixement i la transcend\u00e8ncia, la ra\u00f3 i l\u2019amor, la llum i la foscor, Kim s\u2019endinsa en un territori on la ci\u00e8ncia esdev\u00e9 revelaci\u00f3 i la realitat assumeix formes inesperades. A trav\u00e9s de la seua recerca, la novel\u00b7la planteja una pregunta essencial: qu\u00e8 significa ser hum\u00e0 en una era en qu\u00e8 la tecnologia pot tocar l\u2019ess\u00e8ncia mateixa de la vida?<\/span><span data-ccp-props=\"{&quot;134245417&quot;:false,&quot;201341983&quot;:1,&quot;335551550&quot;:6,&quot;335551620&quot;:6,&quot;335559731&quot;:278,&quot;335559737&quot;:-28,&quot;335559740&quot;:320}\">\u00a0<\/span><\/p>\n<p><span data-contrast=\"auto\">La M\u00e0quina dels Immortals \u00e9s una obra vision\u00e0ria que fusiona ci\u00e8ncia, filosofia i emoci\u00f3 en un viatge que s\u2019est\u00e9n des de les costes mediterr\u00e0nies fins a la frontera de l\u2019evoluci\u00f3 humana.<\/span><span data-ccp-props=\"{&quot;134245417&quot;:false,&quot;201341983&quot;:1,&quot;335551550&quot;:6,&quot;335551620&quot;:6,&quot;335559731&quot;:278,&quot;335559737&quot;:-28,&quot;335559740&quot;:320}\">\u00a0<\/span><\/p>\n<p><span data-contrast=\"auto\">Amb la precisi\u00f3 del cient\u00edfic i la intu\u00efci\u00f3 del poeta, Juan\u00a0Bisquert\u00a0teixeix un relat on la bellesa del m\u00f3n natural es troba amb el misteri de la consci\u00e8ncia. La seua escriptura obri un pont entre la saviesa antiga i les noves fronteres tecnol\u00f2giques, revelant una aventura que ressona tant en la ment con en l\u2019\u00e0nima.<\/span><span data-ccp-props=\"{&quot;134245417&quot;:false,&quot;201341983&quot;:1,&quot;335551550&quot;:6,&quot;335551620&quot;:6,&quot;335559731&quot;:278,&quot;335559737&quot;:-28,&quot;335559740&quot;:320}\">\u00a0<\/span><\/p>\n<p><span data-contrast=\"auto\">No \u00e9s nom\u00e9s una hist\u00f2ria sobre el futur de la humanitat, sin\u00f3 sobre l\u2019aventura eterna d\u2019esdevenir conscients.<\/span><span data-ccp-props=\"{&quot;134245417&quot;:false,&quot;201341983&quot;:1,&quot;335551550&quot;:6,&quot;335551620&quot;:6,&quot;335559731&quot;:278,&quot;335559737&quot;:-28,&quot;335559740&quot;:320}\">\u00a0<\/span><\/p>\n<p><span data-contrast=\"auto\">Una novel\u00b7la d\u2019intel\u00b7lig\u00e8ncia i profunditat emocional excepcionals per a lectors que busquen la intersecci\u00f3 entre ci\u00e8ncia, imaginaci\u00f3 i \u00e0nima.<\/span><span data-ccp-props=\"{&quot;134245417&quot;:false,&quot;201341983&quot;:1,&quot;335551550&quot;:6,&quot;335551620&quot;:6,&quot;335559731&quot;:278,&quot;335559737&quot;:-28,&quot;335559740&quot;:320}\">\u00a0<\/span><\/p>","protected":false},"excerpt":{"rendered":"<p data-path-to-node=\"1\">Explora la intersecci\u00f3 entre la f\u00edsica d\u2019avantguarda i la transcend\u00e8ncia espiritual a trav\u00e9s del viatge de Kim Bolufer, un cient\u00edfic que descobreix patrons universals capa\u00e7os de q\u00fcestionar la realitat racional. Des de la lluminositat del Mediterrani fins als confins de la consci\u00e8ncia col\u00b7lectiva, l\u2019obra teixeix un relat on la precisi\u00f3 cient\u00edfica i la intu\u00efci\u00f3 po\u00e8tica s\u2019uneixen per a plantejar preguntes essencials sobre l\u2019evoluci\u00f3 humana i el paper de la tecnologia en l\u2019ess\u00e8ncia de la vida. \u00c9s, en definitiva, una aventura intel\u00b7lectual i emocional que convida el lector a descobrir com la ci\u00e8ncia pot esdevenir una revelaci\u00f3 per a l\u2019\u00e0nima.<\/p>","protected":false},"featured_media":206962,"comment_status":"open","ping_status":"closed","template":"","meta":{"_kadence_starter_templates_imported_post":false,"_kad_post_transparent":"default","_kad_post_title":"","_kad_post_layout":"default","_kad_post_sidebar_id":"","_kad_post_content_style":"default","_kad_post_vertical_padding":"default","_kad_post_feature":"","_kad_post_feature_position":"","_kad_post_header":false,"_kad_post_footer":false},"product_cat":[22,25],"product_tag":[],"class_list":{"0":"post-206961","1":"product","2":"type-product","3":"status-publish","4":"has-post-thumbnail","6":"product_cat-narrativa","7":"product_cat-scito-edicions","9":"first","10":"instock","11":"taxable","12":"shipping-taxable","13":"purchasable","14":"product-type-simple","15":"entry","16":"content-bg","17":"loop-entry"},"_links":{"self":[{"href":"https:\/\/scitoedicions.org\/es\/wp-json\/wp\/v2\/product\/206961","targetHints":{"allow":["GET"]}}],"collection":[{"href":"https:\/\/scitoedicions.org\/es\/wp-json\/wp\/v2\/product"}],"about":[{"href":"https:\/\/scitoedicions.org\/es\/wp-json\/wp\/v2\/types\/product"}],"replies":[{"embeddable":true,"href":"https:\/\/scitoedicions.org\/es\/wp-json\/wp\/v2\/comments?post=206961"}],"wp:featuredmedia":[{"embeddable":true,"href":"https:\/\/scitoedicions.org\/es\/wp-json\/wp\/v2\/media\/206962"}],"wp:attachment":[{"href":"https:\/\/scitoedicions.org\/es\/wp-json\/wp\/v2\/media?parent=206961"}],"wp:term":[{"taxonomy":"product_cat","embeddable":true,"href":"https:\/\/scitoedicions.org\/es\/wp-json\/wp\/v2\/product_cat?post=206961"},{"taxonomy":"product_tag","embeddable":true,"href":"https:\/\/scitoedicions.org\/es\/wp-json\/wp\/v2\/product_tag?post=206961"}],"curies":[{"name":"wp","href":"https:\/\/api.w.org\/{rel}","templated":true}]}}